{"id":41,"date":"2025-08-29T18:31:12","date_gmt":"2025-08-29T16:31:12","guid":{"rendered":"https:\/\/goforbundet.se\/sgf\/?page_id=41"},"modified":"2025-09-06T17:00:02","modified_gmt":"2025-09-06T15:00:02","slug":"go-i-sverige","status":"publish","type":"page","link":"https:\/\/goforbundet.se\/sgf\/index.php\/go-i-sverige\/","title":{"rendered":"Go i Sverige"},"content":{"rendered":"<p>Go \u00e4r inte (\u00e4nnu) allm\u00e4nt k\u00e4nt i Sverige p\u00e5 samma s\u00e4tt som t.ex. Schack. Det finns uppskattningsvis n\u00e5gra hundra eller m\u00f6jligen n\u00e5gra tusen gospelare i Sverige. Majoriteten av dessa spelar d\u00e5 och d\u00e5 f\u00f6r n\u00f6jes skull, kanske p\u00e5 n\u00e5gon av de\u00a0<a href=\"https:\/\/goforbundet.se\/sgf\/index.php\/go-i-sverige\/klubbar\/\">go-klubbar<\/a>\u00a0som finns runt om i landet, eller via n\u00e5gon app d\u00e4r man kan spela\u00a0<a href=\"https:\/\/goforbundet.se\/sgf\/index.php\/go-i-sverige\/spela-online-eller-mot-datorn\/\">online eller mot en dator<\/a>. M\u00e5nga gospelare g\u00e5r att n\u00e5 via Facebook eller Discord (se\u00a0<a href=\"https:\/\/goforbundet.se\/sgf\/index.php\/om-forbundet\/kontakta-oss\/\">kontaktsidan<\/a>), och d\u00e4r g\u00e5r ofta att f\u00e5 svar p\u00e5 alla m\u00f6jliga fr\u00e5gor kring spelet, fr\u00e5n att hitta andra spelare n\u00e4ra d\u00e4r man bor till specifika tips p\u00e5 drag i olika situationer.<\/p>\n<p>Varje \u00e5r anordnas en handfull t\u00e4vlingar i Sverige som \u00e4r \u00f6ppna f\u00f6r alla som vill delta. Dessa kallas\u00a0<em>turneringar<\/em>\u00a0och kommande turneringar visas i f\u00f6rbundets\u00a0<a href=\"https:\/\/goforbundet.se\/sgf\/index.php\/go-i-sverige\/kalendarium\/\">kalender<\/a>. De flesta turneringar ordnas \u00f6ver en helg, med tre ronder p\u00e5 l\u00f6rdagen och tv\u00e5 p\u00e5 s\u00f6ndagen. Eftersom det inte finns tid f\u00f6r alla att spela mot alla s\u00e5 f\u00e5r alla spelare en startpo\u00e4ng baserat p\u00e5 deras uppskattade\u00a0<a href=\"https:\/\/goforbundet.se\/sgf\/index.php\/lar-dig-spela-go\/bli-starkare\/\">skicklighet<\/a>. Den mest prestigefulla t\u00e4vlingen i Sverige \u00e4r de \u00e5rligen \u00e5terkommande\u00a0<a href=\"https:\/\/goforbundet.se\/sgf\/index.php\/go-i-sverige\/svenska-masterskapen-i-go\/\">Svenska M\u00e4sterskapen<\/a>.<\/p>\n<p>Att spela en turnering utomlands kan vara ett bra s\u00e4tt att kombinera sitt intresse f\u00f6r go med en m\u00f6jlighet att resa och bes\u00f6ka platser och m\u00e4nniskor utanf\u00f6r Sverige. M\u00e5nga t\u00e4vlingar \u00e4r \u00f6ppna f\u00f6r vem som helst, medan vissa d\u00e4r du\u00a0<a href=\"https:\/\/goforbundet.se\/sgf\/index.php\/tavla-for-sverige\/\">representerar Sverige som land<\/a>\u00a0kr\u00e4ver en speciell inbjudan eller godk\u00e4nnande via Svenska Gof\u00f6rbundet.<\/p>\n","protected":false},"excerpt":{"rendered":"<p>Go \u00e4r inte (\u00e4nnu) allm\u00e4nt k\u00e4nt i Sverige p\u00e5 samma s\u00e4tt som t.ex. Schack. Det finns uppskattningsvis n\u00e5gra hundra eller [&hellip;]<\/p>\n","protected":false},"author":1,"featured_media":0,"parent":0,"menu_order":0,"comment_status":"closed","ping_status":"closed","template":"","meta":{"site-sidebar-layout":"default","site-content-layout":"","ast-site-content-layout":"default","site-content-style":"default","site-sidebar-style":"default","ast-global-header-display":"","ast-banner-title-visibility":"","ast-main-header-display":"","ast-hfb-above-header-display":"","ast-hfb-below-header-display":"","ast-hfb-mobile-header-display":"","site-post-title":"","ast-breadcrumbs-content":"","ast-featured-img":"","footer-sml-layout":"","ast-disable-related-posts":"","theme-transparent-header-meta":"default","adv-header-id-meta":"","stick-header-meta":"","header-above-stick-meta":"","header-main-stick-meta":"","header-below-stick-meta":"","astra-migrate-meta-layouts":"set","ast-page-background-enabled":"default","ast-page-background-meta":{"desktop":{"background-color":"var(--ast-global-color-5)","background-image":"","background-repeat":"repeat","background-position":"center center","background-size":"auto","background-attachment":"scroll","background-type":"","background-media":"","overlay-type":"","overlay-color":"","overlay-opacity":"","overlay-gradient":""},"tablet":{"background-color":"","background-image":"","background-repeat":"repeat","background-position":"center center","background-size":"auto","background-attachment":"scroll","background-type":"","background-media":"","overlay-type":"","overlay-color":"","overlay-opacity":"","overlay-gradient":""},"mobile":{"background-color":"","background-image":"","background-repeat":"repeat","background-position":"center center","background-size":"auto","background-attachment":"scroll","background-type":"","background-media":"","overlay-type":"","overlay-color":"","overlay-opacity":"","overlay-gradient":""}},"ast-content-background-meta":{"desktop":{"background-color":"var(--ast-global-color-4)","background-image":"","background-repeat":"repeat","background-position":"center center","background-size":"auto","background-attachment":"scroll","background-type":"","background-media":"","overlay-type":"","overlay-color":"","overlay-opacity":"","overlay-gradient":""},"tablet":{"background-color":"var(--ast-global-color-4)","background-image":"","background-repeat":"repeat","background-position":"center center","background-size":"auto","background-attachment":"scroll","background-type":"","background-media":"","overlay-type":"","overlay-color":"","overlay-opacity":"","overlay-gradient":""},"mobile":{"background-color":"var(--ast-global-color-4)","background-image":"","background-repeat":"repeat","background-position":"center center","background-size":"auto","background-attachment":"scroll","background-type":"","background-media":"","overlay-type":"","overlay-color":"","overlay-opacity":"","overlay-gradient":""}},"footnotes":""},"class_list":["post-41","page","type-page","status-publish","hentry"],"_links":{"self":[{"href":"https:\/\/goforbundet.se\/sgf\/index.php\/wp-json\/wp\/v2\/pages\/41","targetHints":{"allow":["GET"]}}],"collection":[{"href":"https:\/\/goforbundet.se\/sgf\/index.php\/wp-json\/wp\/v2\/pages"}],"about":[{"href":"https:\/\/goforbundet.se\/sgf\/index.php\/wp-json\/wp\/v2\/types\/page"}],"author":[{"embeddable":true,"href":"https:\/\/goforbundet.se\/sgf\/index.php\/wp-json\/wp\/v2\/users\/1"}],"replies":[{"embeddable":true,"href":"https:\/\/goforbundet.se\/sgf\/index.php\/wp-json\/wp\/v2\/comments?post=41"}],"version-history":[{"count":3,"href":"https:\/\/goforbundet.se\/sgf\/index.php\/wp-json\/wp\/v2\/pages\/41\/revisions"}],"predecessor-version":[{"id":654,"href":"https:\/\/goforbundet.se\/sgf\/index.php\/wp-json\/wp\/v2\/pages\/41\/revisions\/654"}],"wp:attachment":[{"href":"https:\/\/goforbundet.se\/sgf\/index.php\/wp-json\/wp\/v2\/media?parent=41"}],"curies":[{"name":"wp","href":"https:\/\/api.w.org\/{rel}","templated":true}]}}