{"id":418,"date":"2025-08-30T21:38:59","date_gmt":"2025-08-30T19:38:59","guid":{"rendered":"https:\/\/goforbundet.se\/sgf\/?page_id=418"},"modified":"2025-08-30T21:40:44","modified_gmt":"2025-08-30T19:40:44","slug":"lar-dig-spela-go","status":"publish","type":"page","link":"https:\/\/goforbundet.se\/sgf\/index.php\/lar-dig-spela-go\/","title":{"rendered":"L\u00e4r dig spela Go!"},"content":{"rendered":"<p><img loading=\"lazy\" decoding=\"async\" class=\" wp-image-424 alignleft\" src=\"https:\/\/goforbundet.se\/sgf\/wp-content\/uploads\/2025\/08\/ogs_guide.png\" alt=\"\" width=\"278\" height=\"317\" srcset=\"https:\/\/goforbundet.se\/sgf\/wp-content\/uploads\/2025\/08\/ogs_guide.png 806w, https:\/\/goforbundet.se\/sgf\/wp-content\/uploads\/2025\/08\/ogs_guide-263x300.png 263w, https:\/\/goforbundet.se\/sgf\/wp-content\/uploads\/2025\/08\/ogs_guide-768x877.png 768w\" sizes=\"auto, (max-width: 278px) 100vw, 278px\" \/>Trots spelets djup och komplexitet s\u00e5 tar det bara n\u00e5gra minuter att l\u00e4ra sig reglerna. Om du k\u00e4nner n\u00e5gon gospelare s\u00e5 kan du s\u00e4kert be om en introduktion. Men, om du vill l\u00e4ra dig p\u00e5 egen hand s\u00e5 finns det m\u00e5nga utm\u00e4rkta st\u00e4llen online. V\u00e5ra favoriter \u00e4r:<\/p>\n<ul>\n<li>P\u00e5 online-go.com finns en\u00a0<a href=\"https:\/\/online-go.com\/learn-to-play-go\">interaktiv guide<\/a>, se bild till h\u00f6ger.<\/li>\n<li>En\u00a0<a href=\"http:\/\/youtu.be\/4yKuBB-opJQ\">video fr\u00e5n Gobutiken<\/a>\u00a0p\u00e5 svenska.<\/li>\n<li>En\u00a0<a href=\"https:\/\/www.youtube.com\/watch?v=oZTdT8MQexk&amp;t=29s\">video fr\u00e5n GoMagic<\/a>\u00a0p\u00e5 engelska.<\/li>\n<\/ul>\n<p>Dessutom finns PDF-filer med sammanfattade regler f\u00f6r nyb\u00f6rjare\u00a0<a href=\"https:\/\/weirdo.se\/sgftest\/web\/sv\/node\/125\">p\u00e5 denna sida<\/a>.<\/p>\n<p>N\u00e4r du kan grunderna s\u00e5 f\u00f6rs\u00f6k att spela s\u00e5 m\u00e5nga partier du bara kan f\u00f6r att f\u00e5 erfarenhet. Du kan t.ex. bes\u00f6ka n\u00e5gon\u00a0<a href=\"https:\/\/weirdo.se\/klubbar\">go-klubb<\/a>, eller spela\u00a0<a href=\"https:\/\/weirdo.se\/sgftest\/web\/sv\/node\/38\">online eller mot datorn.<\/a>\u00a0Att spela mot andra kan vara motigt i b\u00f6rjan d\u00e5 de ofta har mycket mer erfarenhet \u00e4n du. Men, kom ih\u00e5g att alla f\u00f6rlorar m\u00e5nga partier i b\u00f6rjan &#8211; dra inte slutsatsen att du saknar talang! Go tar tid att bem\u00e4stra och det tar oftast flera m\u00e5nader innan du b\u00f6rjar f\u00e5 en k\u00e4nsla f\u00f6r vad som h\u00e4nder p\u00e5 br\u00e4det.<\/p>\n<p>F\u00f6r att j\u00e4mf\u00f6ra skickligheten hos olika spelare, och g\u00f6ra det m\u00f6jligt att spela j\u00e4mna partier trots olika niv\u00e5, s\u00e5 finns det inom go system f\u00f6r gradering precis som i m\u00e5nga kampsporter. Du kan l\u00e4sa mer om detta p\u00e5 sidan\u00a0<a href=\"https:\/\/weirdo.se\/sgftest\/web\/sv\/node\/32\">om ranker och handikapp<\/a>.<\/p>\n<p>Om du vill ha tips p\u00e5 hur du kan g\u00f6ra f\u00f6r att utvecklas som gospelare s\u00e5 ta en titt p\u00e5 sidan med v\u00e5ra tips f\u00f6r att\u00a0<a href=\"https:\/\/weirdo.se\/sgftest\/web\/sv\/node\/33\">bli starkare<\/a>!<\/p>\n","protected":false},"excerpt":{"rendered":"<p>Trots spelets djup och komplexitet s\u00e5 tar det bara n\u00e5gra minuter att l\u00e4ra sig reglerna. Om du k\u00e4nner n\u00e5gon gospelare [&hellip;]<\/p>\n","protected":false},"author":1,"featured_media":0,"parent":0,"menu_order":0,"comment_status":"closed","ping_status":"closed","template":"","meta":{"site-sidebar-layout":"default","site-content-layout":"","ast-site-content-layout":"default","site-content-style":"default","site-sidebar-style":"default","ast-global-header-display":"","ast-banner-title-visibility":"","ast-main-header-display":"","ast-hfb-above-header-display":"","ast-hfb-below-header-display":"","ast-hfb-mobile-header-display":"","site-post-title":"","ast-breadcrumbs-content":"","ast-featured-img":"","footer-sml-layout":"","ast-disable-related-posts":"","theme-transparent-header-meta":"default","adv-header-id-meta":"","stick-header-meta":"","header-above-stick-meta":"","header-main-stick-meta":"","header-below-stick-meta":"","astra-migrate-meta-layouts":"set","ast-page-background-enabled":"default","ast-page-background-meta":{"desktop":{"background-color":"var(--ast-global-color-5)","background-image":"","background-repeat":"repeat","background-position":"center center","background-size":"auto","background-attachment":"scroll","background-type":"","background-media":"","overlay-type":"","overlay-color":"","overlay-opacity":"","overlay-gradient":""},"tablet":{"background-color":"","background-image":"","background-repeat":"repeat","background-position":"center center","background-size":"auto","background-attachment":"scroll","background-type":"","background-media":"","overlay-type":"","overlay-color":"","overlay-opacity":"","overlay-gradient":""},"mobile":{"background-color":"","background-image":"","background-repeat":"repeat","background-position":"center center","background-size":"auto","background-attachment":"scroll","background-type":"","background-media":"","overlay-type":"","overlay-color":"","overlay-opacity":"","overlay-gradient":""}},"ast-content-background-meta":{"desktop":{"background-color":"var(--ast-global-color-4)","background-image":"","background-repeat":"repeat","background-position":"center center","background-size":"auto","background-attachment":"scroll","background-type":"","background-media":"","overlay-type":"","overlay-color":"","overlay-opacity":"","overlay-gradient":""},"tablet":{"background-color":"var(--ast-global-color-4)","background-image":"","background-repeat":"repeat","background-position":"center center","background-size":"auto","background-attachment":"scroll","background-type":"","background-media":"","overlay-type":"","overlay-color":"","overlay-opacity":"","overlay-gradient":""},"mobile":{"background-color":"var(--ast-global-color-4)","background-image":"","background-repeat":"repeat","background-position":"center center","background-size":"auto","background-attachment":"scroll","background-type":"","background-media":"","overlay-type":"","overlay-color":"","overlay-opacity":"","overlay-gradient":""}},"footnotes":""},"class_list":["post-418","page","type-page","status-publish","hentry"],"_links":{"self":[{"href":"https:\/\/goforbundet.se\/sgf\/index.php\/wp-json\/wp\/v2\/pages\/418","targetHints":{"allow":["GET"]}}],"collection":[{"href":"https:\/\/goforbundet.se\/sgf\/index.php\/wp-json\/wp\/v2\/pages"}],"about":[{"href":"https:\/\/goforbundet.se\/sgf\/index.php\/wp-json\/wp\/v2\/types\/page"}],"author":[{"embeddable":true,"href":"https:\/\/goforbundet.se\/sgf\/index.php\/wp-json\/wp\/v2\/users\/1"}],"replies":[{"embeddable":true,"href":"https:\/\/goforbundet.se\/sgf\/index.php\/wp-json\/wp\/v2\/comments?post=418"}],"version-history":[{"count":2,"href":"https:\/\/goforbundet.se\/sgf\/index.php\/wp-json\/wp\/v2\/pages\/418\/revisions"}],"predecessor-version":[{"id":425,"href":"https:\/\/goforbundet.se\/sgf\/index.php\/wp-json\/wp\/v2\/pages\/418\/revisions\/425"}],"wp:attachment":[{"href":"https:\/\/goforbundet.se\/sgf\/index.php\/wp-json\/wp\/v2\/media?parent=418"}],"curies":[{"name":"wp","href":"https:\/\/api.w.org\/{rel}","templated":true}]}}