{"id":43,"date":"2025-08-29T18:57:59","date_gmt":"2025-08-29T16:57:59","guid":{"rendered":"https:\/\/goforbundet.se\/sgf\/?page_id=43"},"modified":"2026-04-19T20:49:50","modified_gmt":"2026-04-19T18:49:50","slug":"om-forbundet","status":"publish","type":"page","link":"https:\/\/goforbundet.se\/sgf\/index.php\/om-forbundet\/","title":{"rendered":"Om f\u00f6rbundet"},"content":{"rendered":"<p><img loading=\"lazy\" decoding=\"async\" class=\"size-full wp-image-541 alignright\" src=\"https:\/\/goforbundet.se\/sgf\/wp-content\/uploads\/2025\/08\/SGF_logga_2013_small.png\" alt=\"\" width=\"150\" height=\"150\" srcset=\"https:\/\/goforbundet.se\/sgf\/wp-content\/uploads\/2025\/08\/SGF_logga_2013_small.png 150w, https:\/\/goforbundet.se\/sgf\/wp-content\/uploads\/2025\/08\/SGF_logga_2013_small-68x68.png 68w\" sizes=\"auto, (max-width: 150px) 100vw, 150px\" \/>Svenska Gof\u00f6rbundet (SGF) \u00e4r en ideell f\u00f6rening med syfte att fr\u00e4mja intresset f\u00f6r br\u00e4dspelet go i Sverige. F\u00f6rbundet \u00e4r en sammanh\u00e5llande organisation f\u00f6r de svenska goklubbarna. Medlemmarna i <a href=\"https:\/\/weirdo.se\/sgftest\/web\/sv\/node\/11\">anslutna klubbar<\/a>\u00a0\u00e4r automatiskt individuella medlemmar i SGF. F\u00f6rbundet har<br \/>\n<strong>Organisationsnummer:\u00a0<\/strong>802411-0382<br \/>\n<strong>Bankgiro:\u00a0<\/strong>115-5456<br \/>\n<strong>Plusgiro:\u00a0<\/strong>931427-9<\/p>\n<form action=\"https:\/\/www.paypal.com\/donate\" method=\"post\" target=\"_top\">St\u00f6d oss via Paypal:\u00a0<input title=\"PayPal - The safer, easier way to pay online!\" alt=\"Donate with PayPal button\" name=\"submit\" src=\"https:\/\/www.paypalobjects.com\/en_US\/i\/btn\/btn_donate_LG.gif\" type=\"image\" \/>\u00a0<img loading=\"lazy\" decoding=\"async\" src=\"https:\/\/www.paypal.com\/en_SE\/i\/scr\/pixel.gif\" alt=\"\" width=\"1\" height=\"1\" border=\"0\" \/><\/p>\n<\/form>\n<h2>Vad g\u00f6r f\u00f6rbundet?<\/h2>\n<p>F\u00f6rbundet g\u00f6r sitt b\u00e4sta f\u00f6r att i stort och sm\u00e5tt fr\u00e4mja br\u00e4dspelet Go i Sverige. N\u00e5gra st\u00e5ende uppgifter \u00e4r att:<\/p>\n<ul>\n<li>Varje \u00e5r anordna de\u00a0<a href=\"https:\/\/weirdo.se\/sgftest\/web\/sv\/node\/14\">Svenska m\u00e4sterskapen i Go<\/a>.<\/li>\n<li>Lagra och uppdatera\u00a0<a href=\"http:\/\/goforbundet.se\/vmpoang\">listan \u00f6ver VM-po\u00e4ng<\/a>\u00a0och\u00a0<a href=\"http:\/\/goforbundet.se\/vmpar\/\">par-VM-po\u00e4ng<\/a>.<\/li>\n<li>Varje \u00e5r utse svenska representanter till\u00a0<a href=\"https:\/\/weirdo.se\/sgftest\/web\/sv\/node\/13\">t\u00e4vlingar utomlands<\/a>.<\/li>\n<li>F\u00f6rvalta en\u00a0<a href=\"https:\/\/weirdo.se\/sgftest\/web\/sv\/node\/27\">resefond<\/a>\u00a0ur vilken pengar kan s\u00f6kas av f\u00f6rbundets medlemmar.<\/li>\n<li>Ansvara f\u00f6r\u00a0<a href=\"https:\/\/weirdo.se\/sgftest\/web\/sv\/node\/32\">det svenska rankningssystemet<\/a>.<\/li>\n<li>Representera de svenska gospelarna i kontakt med det\u00a0<a href=\"http:\/\/www.eurogofed.org\/\">Europeiska Gof\u00f6rbundet<\/a>\u00a0och det\u00a0<a href=\"http:\/\/intergofed.org\/\">Internationella Gof\u00f6rbundet<\/a>.<\/li>\n<li>Erbjuda anslutna klubbar gratis hemsidor med adress klubb.goforbundet.se (se t.ex. gbg.goforbundet.se och stockholm.goforbundet.se).<\/li>\n<li>Erbjuda anslutna klubbar gratis anm\u00e4lningsformul\u00e4r online f\u00f6r svenska turneringar (kontakta styrelsen om ni \u00f6nskar detta).<\/li>\n<li><a href=\"https:\/\/weirdo.se\/sgftest\/web\/sv\/node\/39\">Arkivera information<\/a>\u00a0som kan vara av framtida intresse s\u00e5som t.ex. tidigare nummer av Nordiskt go-blad.<\/li>\n<\/ul>\n<h2>Styrelsen<\/h2>\n<p>Styrelsen f\u00f6r Svenska Gof\u00f6rbundet best\u00e5r, verksamhets\u00e5ret 2026, av<br \/>\n<strong>Ordf\u00f6rande<\/strong>: Anton Silfver<br \/>\n<strong>Kass\u00f6r<\/strong>: Filip Pettersson<br \/>\n<strong>Ledamot<\/strong>: Staffan B\u00e4cklund<\/p>\n<h2>Revisorer<\/h2>\n<div>Revisor f\u00f6r verksamhets\u00e5ret 2026 \u00e4r Kai Kylm\u00e4nen (kai.kylmanen (a) gmail.com).<\/div>\n","protected":false},"excerpt":{"rendered":"<p>Svenska Gof\u00f6rbundet (SGF) \u00e4r en ideell f\u00f6rening med syfte att fr\u00e4mja intresset f\u00f6r br\u00e4dspelet go i Sverige. F\u00f6rbundet \u00e4r en [&hellip;]<\/p>\n","protected":false},"author":1,"featured_media":0,"parent":0,"menu_order":0,"comment_status":"closed","ping_status":"closed","template":"","meta":{"site-sidebar-layout":"default","site-content-layout":"","ast-site-content-layout":"default","site-content-style":"default","site-sidebar-style":"default","ast-global-header-display":"","ast-banner-title-visibility":"","ast-main-header-display":"","ast-hfb-above-header-display":"","ast-hfb-below-header-display":"","ast-hfb-mobile-header-display":"","site-post-title":"","ast-breadcrumbs-content":"","ast-featured-img":"","footer-sml-layout":"","ast-disable-related-posts":"","theme-transparent-header-meta":"default","adv-header-id-meta":"","stick-header-meta":"","header-above-stick-meta":"","header-main-stick-meta":"","header-below-stick-meta":"","astra-migrate-meta-layouts":"set","ast-page-background-enabled":"default","ast-page-background-meta":{"desktop":{"background-color":"var(--ast-global-color-5)","background-image":"","background-repeat":"repeat","background-position":"center center","background-size":"auto","background-attachment":"scroll","background-type":"","background-media":"","overlay-type":"","overlay-color":"","overlay-opacity":"","overlay-gradient":""},"tablet":{"background-color":"","background-image":"","background-repeat":"repeat","background-position":"center center","background-size":"auto","background-attachment":"scroll","background-type":"","background-media":"","overlay-type":"","overlay-color":"","overlay-opacity":"","overlay-gradient":""},"mobile":{"background-color":"","background-image":"","background-repeat":"repeat","background-position":"center center","background-size":"auto","background-attachment":"scroll","background-type":"","background-media":"","overlay-type":"","overlay-color":"","overlay-opacity":"","overlay-gradient":""}},"ast-content-background-meta":{"desktop":{"background-color":"var(--ast-global-color-4)","background-image":"","background-repeat":"repeat","background-position":"center center","background-size":"auto","background-attachment":"scroll","background-type":"","background-media":"","overlay-type":"","overlay-color":"","overlay-opacity":"","overlay-gradient":""},"tablet":{"background-color":"var(--ast-global-color-4)","background-image":"","background-repeat":"repeat","background-position":"center center","background-size":"auto","background-attachment":"scroll","background-type":"","background-media":"","overlay-type":"","overlay-color":"","overlay-opacity":"","overlay-gradient":""},"mobile":{"background-color":"var(--ast-global-color-4)","background-image":"","background-repeat":"repeat","background-position":"center center","background-size":"auto","background-attachment":"scroll","background-type":"","background-media":"","overlay-type":"","overlay-color":"","overlay-opacity":"","overlay-gradient":""}},"footnotes":""},"class_list":["post-43","page","type-page","status-publish","hentry"],"_links":{"self":[{"href":"https:\/\/goforbundet.se\/sgf\/index.php\/wp-json\/wp\/v2\/pages\/43","targetHints":{"allow":["GET"]}}],"collection":[{"href":"https:\/\/goforbundet.se\/sgf\/index.php\/wp-json\/wp\/v2\/pages"}],"about":[{"href":"https:\/\/goforbundet.se\/sgf\/index.php\/wp-json\/wp\/v2\/types\/page"}],"author":[{"embeddable":true,"href":"https:\/\/goforbundet.se\/sgf\/index.php\/wp-json\/wp\/v2\/users\/1"}],"replies":[{"embeddable":true,"href":"https:\/\/goforbundet.se\/sgf\/index.php\/wp-json\/wp\/v2\/comments?post=43"}],"version-history":[{"count":6,"href":"https:\/\/goforbundet.se\/sgf\/index.php\/wp-json\/wp\/v2\/pages\/43\/revisions"}],"predecessor-version":[{"id":673,"href":"https:\/\/goforbundet.se\/sgf\/index.php\/wp-json\/wp\/v2\/pages\/43\/revisions\/673"}],"wp:attachment":[{"href":"https:\/\/goforbundet.se\/sgf\/index.php\/wp-json\/wp\/v2\/media?parent=43"}],"curies":[{"name":"wp","href":"https:\/\/api.w.org\/{rel}","templated":true}]}}