{"id":445,"date":"2025-08-31T09:24:12","date_gmt":"2025-08-31T07:24:12","guid":{"rendered":"https:\/\/goforbundet.se\/sgf\/?page_id=445"},"modified":"2025-08-31T10:15:10","modified_gmt":"2025-08-31T08:15:10","slug":"motesprotokoll","status":"publish","type":"page","link":"https:\/\/goforbundet.se\/sgf\/index.php\/om-forbundet\/motesprotokoll\/","title":{"rendered":"M\u00f6tesprotokoll"},"content":{"rendered":"<p>P\u00e5 denna sida finns protokoll fr\u00e5n ordinarie och extrainsatta m\u00f6ten f\u00f6r Svenska Gof\u00f6rbundet. Alla protokoll, inklusive styrelsem\u00f6ten, finns via <a href=\"https:\/\/drive.google.com\/open?id=0BxSO7ufs59pQfnNPZERqQ2VQejJwRWRBQUVXeEFvLWtXRGhjdXJvMEY3VUtzVGRaajk2dTA\">f\u00f6rbundets Google Drive<\/a>. \u00c5rsm\u00f6ten finns \u00e4ven nedan direkt som PDF:<\/p>\n<p><a href=\"https:\/\/goforbundet.se\/sgf\/wp-content\/uploads\/2025\/08\/SGF_Arsmote_2000.pdf\">SGF_\u00c5rsm\u00f6te_2000<\/a><\/p>\n<p><a href=\"https:\/\/goforbundet.se\/sgf\/wp-content\/uploads\/2025\/08\/SGF_Arsmote_2005.pdf\">SGF_\u00c5rsm\u00f6te_2005<\/a><\/p>\n<p><a href=\"https:\/\/goforbundet.se\/sgf\/wp-content\/uploads\/2025\/08\/SGF_Arsmote_2006.pdf\">SGF_\u00c5rsm\u00f6te_2006<\/a><\/p>\n<p><a href=\"https:\/\/goforbundet.se\/sgf\/wp-content\/uploads\/2025\/08\/Extrastamma-2006-02.pdf\">SGF Extrast\u00e4mma-2006-02<\/a><\/p>\n<p><a href=\"https:\/\/goforbundet.se\/sgf\/wp-content\/uploads\/2025\/08\/SGF_Arsmote_2007.pdf\">SGF_\u00c5rsm\u00f6te_2007<\/a><\/p>\n<p><a href=\"https:\/\/goforbundet.se\/sgf\/wp-content\/uploads\/2025\/08\/SGF_Arsmote_2008.pdf\">SGF_\u00c5rsm\u00f6te_2008<\/a><\/p>\n<p><a href=\"https:\/\/goforbundet.se\/sgf\/wp-content\/uploads\/2025\/08\/SGF_Arsmote_2010.pdf\">SGF_\u00c5rsm\u00f6te_2010<\/a><\/p>\n<p><a href=\"https:\/\/goforbundet.se\/sgf\/wp-content\/uploads\/2025\/08\/SGF_Arsmote_2012.pdf\">SGF_\u00c5rsm\u00f6te_2012<\/a><\/p>\n<p><a href=\"https:\/\/goforbundet.se\/sgf\/wp-content\/uploads\/2025\/08\/SGF_Arsmote_2013.pdf\">SGF_\u00c5rsm\u00f6te_2013<\/a><\/p>\n<p><a href=\"https:\/\/goforbundet.se\/sgf\/wp-content\/uploads\/2025\/08\/SGF_Arsmote_2014.pdf\">SGF_\u00c5rsm\u00f6te_2014<\/a><\/p>\n<p><a href=\"https:\/\/goforbundet.se\/sgf\/wp-content\/uploads\/2025\/08\/SGF_Arsmote_2015.pdf\">SGF_\u00c5rsm\u00f6te_2015<\/a><\/p>\n<p><a href=\"https:\/\/goforbundet.se\/sgf\/wp-content\/uploads\/2025\/08\/SGF_Arsmote_2016_v3.pdf\">SGF_\u00c5rsm\u00f6te_2016_v3<\/a><\/p>\n<p><a href=\"https:\/\/goforbundet.se\/sgf\/wp-content\/uploads\/2025\/08\/SGF_Arsmote_2017.pdf\">SGF_\u00c5rsm\u00f6te_2017<\/a><\/p>\n<p><a href=\"https:\/\/goforbundet.se\/sgf\/wp-content\/uploads\/2025\/08\/SGF_Arsmote_2018.pdf\">SGF_\u00c5rsm\u00f6te_2018<\/a><\/p>\n<p><a href=\"https:\/\/goforbundet.se\/sgf\/wp-content\/uploads\/2025\/08\/SGF_Arsmote_2019.pdf\">SGF_\u00c5rsm\u00f6te_2019<\/a><\/p>\n<p><a href=\"https:\/\/goforbundet.se\/sgf\/wp-content\/uploads\/2025\/08\/SGF_Arsmote_2020.pdf\">SGF_\u00c5rsm\u00f6te_2020<\/a><\/p>\n<p><a href=\"https:\/\/goforbundet.se\/sgf\/wp-content\/uploads\/2025\/08\/SGF_Arsmote_2021_osignerat.pdf\">SGF_\u00c5rsm\u00f6te_2021_osignerat<\/a><\/p>\n<p><a href=\"https:\/\/goforbundet.se\/sgf\/wp-content\/uploads\/2025\/08\/SGF_Arsmote_2022_masked.pdf\">SGF_\u00c5rsm\u00f6te_2022_masked<\/a><\/p>\n<p><a href=\"https:\/\/goforbundet.se\/sgf\/wp-content\/uploads\/2025\/08\/SGF_Extra_Arsmote_2023-01-09_osignerat.pdf\">SGF_Extra_\u00c5rsm\u00f6te_2023-01-09_osignerat<\/a><\/p>\n<p><a href=\"https:\/\/goforbundet.se\/sgf\/wp-content\/uploads\/2025\/08\/SGF_ordinarie_arsmote_2023-03-19_maskat_osignerat.pdf\">SGF_ordinarie_\u00e5rsm\u00f6te_2023-03-19_maskat_osignerat<\/a><\/p>\n<p><a href=\"https:\/\/goforbundet.se\/sgf\/wp-content\/uploads\/2025\/08\/SGF-ordinarie-arsmote-2024.pdf\">SGF ordinarie \u00e5rsm\u00f6te 2024<\/a><\/p>\n<p><a href=\"https:\/\/goforbundet.se\/sgf\/wp-content\/uploads\/2025\/08\/Protokoll-SGF-ordinarie-arsmote-2025.pdf\">SGF ordinarie \u00e5rsm\u00f6te 2025<\/a><\/p>\n","protected":false},"excerpt":{"rendered":"<p>P\u00e5 denna sida finns protokoll fr\u00e5n ordinarie och extrainsatta m\u00f6ten f\u00f6r Svenska Gof\u00f6rbundet. Alla protokoll, inklusive styrelsem\u00f6ten, finns via f\u00f6rbundets [&hellip;]<\/p>\n","protected":false},"author":1,"featured_media":0,"parent":43,"menu_order":0,"comment_status":"closed","ping_status":"closed","template":"","meta":{"site-sidebar-layout":"default","site-content-layout":"","ast-site-content-layout":"default","site-content-style":"default","site-sidebar-style":"default","ast-global-header-display":"","ast-banner-title-visibility":"","ast-main-header-display":"","ast-hfb-above-header-display":"","ast-hfb-below-header-display":"","ast-hfb-mobile-header-display":"","site-post-title":"","ast-breadcrumbs-content":"","ast-featured-img":"","footer-sml-layout":"","ast-disable-related-posts":"","theme-transparent-header-meta":"default","adv-header-id-meta":"","stick-header-meta":"","header-above-stick-meta":"","header-main-stick-meta":"","header-below-stick-meta":"","astra-migrate-meta-layouts":"set","ast-page-background-enabled":"default","ast-page-background-meta":{"desktop":{"background-color":"var(--ast-global-color-5)","background-image":"","background-repeat":"repeat","background-position":"center center","background-size":"auto","background-attachment":"scroll","background-type":"","background-media":"","overlay-type":"","overlay-color":"","overlay-opacity":"","overlay-gradient":""},"tablet":{"background-color":"","background-image":"","background-repeat":"repeat","background-position":"center center","background-size":"auto","background-attachment":"scroll","background-type":"","background-media":"","overlay-type":"","overlay-color":"","overlay-opacity":"","overlay-gradient":""},"mobile":{"background-color":"","background-image":"","background-repeat":"repeat","background-position":"center center","background-size":"auto","background-attachment":"scroll","background-type":"","background-media":"","overlay-type":"","overlay-color":"","overlay-opacity":"","overlay-gradient":""}},"ast-content-background-meta":{"desktop":{"background-color":"var(--ast-global-color-4)","background-image":"","background-repeat":"repeat","background-position":"center center","background-size":"auto","background-attachment":"scroll","background-type":"","background-media":"","overlay-type":"","overlay-color":"","overlay-opacity":"","overlay-gradient":""},"tablet":{"background-color":"var(--ast-global-color-4)","background-image":"","background-repeat":"repeat","background-position":"center center","background-size":"auto","background-attachment":"scroll","background-type":"","background-media":"","overlay-type":"","overlay-color":"","overlay-opacity":"","overlay-gradient":""},"mobile":{"background-color":"var(--ast-global-color-4)","background-image":"","background-repeat":"repeat","background-position":"center center","background-size":"auto","background-attachment":"scroll","background-type":"","background-media":"","overlay-type":"","overlay-color":"","overlay-opacity":"","overlay-gradient":""}},"footnotes":""},"class_list":["post-445","page","type-page","status-publish","hentry"],"_links":{"self":[{"href":"https:\/\/goforbundet.se\/sgf\/index.php\/wp-json\/wp\/v2\/pages\/445","targetHints":{"allow":["GET"]}}],"collection":[{"href":"https:\/\/goforbundet.se\/sgf\/index.php\/wp-json\/wp\/v2\/pages"}],"about":[{"href":"https:\/\/goforbundet.se\/sgf\/index.php\/wp-json\/wp\/v2\/types\/page"}],"author":[{"embeddable":true,"href":"https:\/\/goforbundet.se\/sgf\/index.php\/wp-json\/wp\/v2\/users\/1"}],"replies":[{"embeddable":true,"href":"https:\/\/goforbundet.se\/sgf\/index.php\/wp-json\/wp\/v2\/comments?post=445"}],"version-history":[{"count":2,"href":"https:\/\/goforbundet.se\/sgf\/index.php\/wp-json\/wp\/v2\/pages\/445\/revisions"}],"predecessor-version":[{"id":469,"href":"https:\/\/goforbundet.se\/sgf\/index.php\/wp-json\/wp\/v2\/pages\/445\/revisions\/469"}],"up":[{"embeddable":true,"href":"https:\/\/goforbundet.se\/sgf\/index.php\/wp-json\/wp\/v2\/pages\/43"}],"wp:attachment":[{"href":"https:\/\/goforbundet.se\/sgf\/index.php\/wp-json\/wp\/v2\/media?parent=445"}],"curies":[{"name":"wp","href":"https:\/\/api.w.org\/{rel}","templated":true}]}}