{"id":535,"date":"2025-08-31T09:52:51","date_gmt":"2025-08-31T07:52:51","guid":{"rendered":"https:\/\/goforbundet.se\/sgf\/?page_id=535"},"modified":"2025-08-31T09:53:34","modified_gmt":"2025-08-31T07:53:34","slug":"bidrag","status":"publish","type":"page","link":"https:\/\/goforbundet.se\/sgf\/index.php\/om-forbundet\/bidrag\/","title":{"rendered":"Bidrag"},"content":{"rendered":"<p>Sedan \u00e5rsm\u00f6tet 2023 s\u00e5 har inte SGF l\u00e4ngre n\u00e5gon specifik resefond. Men, bidrag till resor kan \u00e4nd\u00e5 s\u00f6kas genom att kontakta styrelsen. Styrelsen beslutar ocks\u00e5 om vem som f\u00e5r bidrag samt om hur mycket pengar som betalas ut. Vanligast \u00e4r ans\u00f6kningar f\u00f6r att sponsra resor f\u00f6r svenska representanter i turneringar utomlands t.ex. WAGC.<\/p>\n<h2>Beviljade resebidrag<\/h2>\n<p>F\u00f6ljande personer har beviljats bidrag fr\u00e5n SGF:<\/p>\n<h3><strong>2025<\/strong><\/h3>\n<p>Valle Jarenskog (1000 SEK), Jakob Hellenberg Lavett (1000 SEK) och Elias Wallin (1000 SEK) f\u00f6r deltagande i EGC 2025 i Polen.<\/p>\n<h3>2015<\/h3>\n<p>3000 SEK: Klas Almrot.\u00a0F\u00f6r resa till WAGC 2015.<\/p>\n<h3>2014<\/h3>\n<p>3000 SEK: Fredrik Blomback.\u00a0F\u00f6r resa till WAGC 2014.<\/p>\n<h3>2013<\/h3>\n<p>3000 SEK: Charlie \u00c5kerblom. F\u00f6r resa till WAGC 2013.<\/p>\n","protected":false},"excerpt":{"rendered":"<p>Sedan \u00e5rsm\u00f6tet 2023 s\u00e5 har inte SGF l\u00e4ngre n\u00e5gon specifik resefond. Men, bidrag till resor kan \u00e4nd\u00e5 s\u00f6kas genom att [&hellip;]<\/p>\n","protected":false},"author":1,"featured_media":0,"parent":43,"menu_order":0,"comment_status":"closed","ping_status":"closed","template":"","meta":{"site-sidebar-layout":"default","site-content-layout":"","ast-site-content-layout":"default","site-content-style":"default","site-sidebar-style":"default","ast-global-header-display":"","ast-banner-title-visibility":"","ast-main-header-display":"","ast-hfb-above-header-display":"","ast-hfb-below-header-display":"","ast-hfb-mobile-header-display":"","site-post-title":"","ast-breadcrumbs-content":"","ast-featured-img":"","footer-sml-layout":"","ast-disable-related-posts":"","theme-transparent-header-meta":"default","adv-header-id-meta":"","stick-header-meta":"","header-above-stick-meta":"","header-main-stick-meta":"","header-below-stick-meta":"","astra-migrate-meta-layouts":"set","ast-page-background-enabled":"default","ast-page-background-meta":{"desktop":{"background-color":"var(--ast-global-color-5)","background-image":"","background-repeat":"repeat","background-position":"center center","background-size":"auto","background-attachment":"scroll","background-type":"","background-media":"","overlay-type":"","overlay-color":"","overlay-opacity":"","overlay-gradient":""},"tablet":{"background-color":"","background-image":"","background-repeat":"repeat","background-position":"center center","background-size":"auto","background-attachment":"scroll","background-type":"","background-media":"","overlay-type":"","overlay-color":"","overlay-opacity":"","overlay-gradient":""},"mobile":{"background-color":"","background-image":"","background-repeat":"repeat","background-position":"center center","background-size":"auto","background-attachment":"scroll","background-type":"","background-media":"","overlay-type":"","overlay-color":"","overlay-opacity":"","overlay-gradient":""}},"ast-content-background-meta":{"desktop":{"background-color":"var(--ast-global-color-4)","background-image":"","background-repeat":"repeat","background-position":"center center","background-size":"auto","background-attachment":"scroll","background-type":"","background-media":"","overlay-type":"","overlay-color":"","overlay-opacity":"","overlay-gradient":""},"tablet":{"background-color":"var(--ast-global-color-4)","background-image":"","background-repeat":"repeat","background-position":"center center","background-size":"auto","background-attachment":"scroll","background-type":"","background-media":"","overlay-type":"","overlay-color":"","overlay-opacity":"","overlay-gradient":""},"mobile":{"background-color":"var(--ast-global-color-4)","background-image":"","background-repeat":"repeat","background-position":"center center","background-size":"auto","background-attachment":"scroll","background-type":"","background-media":"","overlay-type":"","overlay-color":"","overlay-opacity":"","overlay-gradient":""}},"footnotes":""},"class_list":["post-535","page","type-page","status-publish","hentry"],"_links":{"self":[{"href":"https:\/\/goforbundet.se\/sgf\/index.php\/wp-json\/wp\/v2\/pages\/535","targetHints":{"allow":["GET"]}}],"collection":[{"href":"https:\/\/goforbundet.se\/sgf\/index.php\/wp-json\/wp\/v2\/pages"}],"about":[{"href":"https:\/\/goforbundet.se\/sgf\/index.php\/wp-json\/wp\/v2\/types\/page"}],"author":[{"embeddable":true,"href":"https:\/\/goforbundet.se\/sgf\/index.php\/wp-json\/wp\/v2\/users\/1"}],"replies":[{"embeddable":true,"href":"https:\/\/goforbundet.se\/sgf\/index.php\/wp-json\/wp\/v2\/comments?post=535"}],"version-history":[{"count":1,"href":"https:\/\/goforbundet.se\/sgf\/index.php\/wp-json\/wp\/v2\/pages\/535\/revisions"}],"predecessor-version":[{"id":536,"href":"https:\/\/goforbundet.se\/sgf\/index.php\/wp-json\/wp\/v2\/pages\/535\/revisions\/536"}],"up":[{"embeddable":true,"href":"https:\/\/goforbundet.se\/sgf\/index.php\/wp-json\/wp\/v2\/pages\/43"}],"wp:attachment":[{"href":"https:\/\/goforbundet.se\/sgf\/index.php\/wp-json\/wp\/v2\/media?parent=535"}],"curies":[{"name":"wp","href":"https:\/\/api.w.org\/{rel}","templated":true}]}}