{"id":557,"date":"2025-08-31T10:18:22","date_gmt":"2025-08-31T08:18:22","guid":{"rendered":"https:\/\/goforbundet.se\/sgf\/?page_id=557"},"modified":"2025-08-31T10:18:58","modified_gmt":"2025-08-31T08:18:58","slug":"regler-for-bradspelet-go","status":"publish","type":"page","link":"https:\/\/goforbundet.se\/sgf\/index.php\/lar-dig-spela-go\/regler-for-bradspelet-go\/","title":{"rendered":"Spelregler"},"content":{"rendered":"<p>F\u00f6r att spela go beh\u00f6vs spelregler. Vilka regler som anv\u00e4nds varierar lite p\u00e5 olika platser i v\u00e4rlden. H\u00e4r i Sverige spelar vi oftast enligt japansk tradition. F\u00f6r att underl\u00e4tta f\u00f6r nyb\u00f6rjare s\u00e5 har Svenska Gof\u00f6rbundet sammanfattat reglerna p\u00e5 svenska s\u00e5 att nya spelare ska kunna komma ig\u00e5ng med spelet.<\/p>\n<h1>Regler f\u00f6r nyb\u00f6rjare<\/h1>\n<p>Tv\u00e5 olika f\u00f6rs\u00f6k har gjorts att sammanfatta reglerna f\u00f6r nyb\u00f6rjare:<\/p>\n<ul>\n<li><a href=\"https:\/\/goforbundet.se\/sgf\/wp-content\/uploads\/2025\/08\/Go-regler-fyra-A4-2016-01-05.pdf\">Sammanfattning p\u00e5 fyra sidor<\/a>. Denna version inneh\u00e5ller flera figurer f\u00f6r att illustrera vad som menas med olika saker i texten.<\/li>\n<li><a href=\"https:\/\/goforbundet.se\/sgf\/wp-content\/uploads\/2025\/08\/Go-regler-en-A4.pdf\">Sammanfattning p\u00e5 en sida<\/a>. Denna version har f\u00e5 illustrationer, men \u00e4r \u00e4nd\u00e5 en bra sammanfattning.<\/li>\n<\/ul>\n<p>Dessa tv\u00e5 dokument kan anv\u00e4ndas av dig som vill l\u00e4ra dig reglerna, eller av dig som vill l\u00e4ra ut go och vill ha med ett h\u00e4fte med regler som du kan ge till intresserade. Notera att olika go-spelare kan anv\u00e4nda lite olika ord f\u00f6r att beskriva spelet \u00e4ven om de pratar om samma sak.<\/p>\n<h1>Turneringsregler<\/h1>\n<p>Reglerna ovan \u00e4r bra f\u00f6r nyb\u00f6rjare. Det finns dock n\u00e5gra specialfall som, \u00e4ven om de \u00e4r v\u00e4ldigt ovanliga, inte t\u00e4cks av reglerna ovan. D\u00e4rf\u00f6r har Svenska Gof\u00f6rbundet ocks\u00e5 gjort en \u00f6vers\u00e4ttning av en upps\u00e4ttning turneringsregler som kan anv\u00e4ndas vid svenska turneringar. Dessa regler finns\u00a0<a href=\"https:\/\/goforbundet.se\/sgf\/wp-content\/uploads\/2025\/08\/Go-turneringsregler-regler_AGA1991-sv.pdf\">h\u00e4r som PDF<\/a>\u00a0och \u00e4r baserade p\u00e5 reglerna fr\u00e5n Amerikanska Gof\u00f6rbundet eller American Go Association (AGA). De kallas d\u00e4rf\u00f6r AGA-regler. Dessa regler \u00e4r bra och kan anv\u00e4ndas som referens f\u00f6r t.ex. turneringsarrang\u00f6rer. Observera dock att det \u00e4r fritt f\u00f6r arrang\u00f6rerna att v\u00e4lja vilka regler som ska anv\u00e4ndas p\u00e5 just deras turnering. Om du \u00e4r os\u00e4ker p\u00e5 vad som g\u00e4ller &#8211; fr\u00e5ga turneringsarrang\u00f6ren innan turneringen b\u00f6rjar.<\/p>\n","protected":false},"excerpt":{"rendered":"<p>F\u00f6r att spela go beh\u00f6vs spelregler. Vilka regler som anv\u00e4nds varierar lite p\u00e5 olika platser i v\u00e4rlden. H\u00e4r i Sverige [&hellip;]<\/p>\n","protected":false},"author":1,"featured_media":0,"parent":418,"menu_order":0,"comment_status":"closed","ping_status":"closed","template":"","meta":{"site-sidebar-layout":"default","site-content-layout":"","ast-site-content-layout":"default","site-content-style":"default","site-sidebar-style":"default","ast-global-header-display":"","ast-banner-title-visibility":"","ast-main-header-display":"","ast-hfb-above-header-display":"","ast-hfb-below-header-display":"","ast-hfb-mobile-header-display":"","site-post-title":"","ast-breadcrumbs-content":"","ast-featured-img":"","footer-sml-layout":"","ast-disable-related-posts":"","theme-transparent-header-meta":"default","adv-header-id-meta":"","stick-header-meta":"","header-above-stick-meta":"","header-main-stick-meta":"","header-below-stick-meta":"","astra-migrate-meta-layouts":"set","ast-page-background-enabled":"default","ast-page-background-meta":{"desktop":{"background-color":"var(--ast-global-color-5)","background-image":"","background-repeat":"repeat","background-position":"center center","background-size":"auto","background-attachment":"scroll","background-type":"","background-media":"","overlay-type":"","overlay-color":"","overlay-opacity":"","overlay-gradient":""},"tablet":{"background-color":"","background-image":"","background-repeat":"repeat","background-position":"center center","background-size":"auto","background-attachment":"scroll","background-type":"","background-media":"","overlay-type":"","overlay-color":"","overlay-opacity":"","overlay-gradient":""},"mobile":{"background-color":"","background-image":"","background-repeat":"repeat","background-position":"center center","background-size":"auto","background-attachment":"scroll","background-type":"","background-media":"","overlay-type":"","overlay-color":"","overlay-opacity":"","overlay-gradient":""}},"ast-content-background-meta":{"desktop":{"background-color":"var(--ast-global-color-4)","background-image":"","background-repeat":"repeat","background-position":"center center","background-size":"auto","background-attachment":"scroll","background-type":"","background-media":"","overlay-type":"","overlay-color":"","overlay-opacity":"","overlay-gradient":""},"tablet":{"background-color":"var(--ast-global-color-4)","background-image":"","background-repeat":"repeat","background-position":"center center","background-size":"auto","background-attachment":"scroll","background-type":"","background-media":"","overlay-type":"","overlay-color":"","overlay-opacity":"","overlay-gradient":""},"mobile":{"background-color":"var(--ast-global-color-4)","background-image":"","background-repeat":"repeat","background-position":"center center","background-size":"auto","background-attachment":"scroll","background-type":"","background-media":"","overlay-type":"","overlay-color":"","overlay-opacity":"","overlay-gradient":""}},"footnotes":""},"class_list":["post-557","page","type-page","status-publish","hentry"],"_links":{"self":[{"href":"https:\/\/goforbundet.se\/sgf\/index.php\/wp-json\/wp\/v2\/pages\/557","targetHints":{"allow":["GET"]}}],"collection":[{"href":"https:\/\/goforbundet.se\/sgf\/index.php\/wp-json\/wp\/v2\/pages"}],"about":[{"href":"https:\/\/goforbundet.se\/sgf\/index.php\/wp-json\/wp\/v2\/types\/page"}],"author":[{"embeddable":true,"href":"https:\/\/goforbundet.se\/sgf\/index.php\/wp-json\/wp\/v2\/users\/1"}],"replies":[{"embeddable":true,"href":"https:\/\/goforbundet.se\/sgf\/index.php\/wp-json\/wp\/v2\/comments?post=557"}],"version-history":[{"count":2,"href":"https:\/\/goforbundet.se\/sgf\/index.php\/wp-json\/wp\/v2\/pages\/557\/revisions"}],"predecessor-version":[{"id":562,"href":"https:\/\/goforbundet.se\/sgf\/index.php\/wp-json\/wp\/v2\/pages\/557\/revisions\/562"}],"up":[{"embeddable":true,"href":"https:\/\/goforbundet.se\/sgf\/index.php\/wp-json\/wp\/v2\/pages\/418"}],"wp:attachment":[{"href":"https:\/\/goforbundet.se\/sgf\/index.php\/wp-json\/wp\/v2\/media?parent=557"}],"curies":[{"name":"wp","href":"https:\/\/api.w.org\/{rel}","templated":true}]}}