{"id":563,"date":"2025-08-31T10:20:21","date_gmt":"2025-08-31T08:20:21","guid":{"rendered":"https:\/\/goforbundet.se\/sgf\/?page_id=563"},"modified":"2025-08-31T16:48:53","modified_gmt":"2025-08-31T14:48:53","slug":"bli-starkare","status":"publish","type":"page","link":"https:\/\/goforbundet.se\/sgf\/index.php\/lar-dig-spela-go\/bli-starkare\/","title":{"rendered":"Bli starkare"},"content":{"rendered":"<p><img loading=\"lazy\" decoding=\"async\" class=\"size-full wp-image-564 alignright\" src=\"https:\/\/goforbundet.se\/sgf\/wp-content\/uploads\/2025\/08\/go_tigerreads-e.png\" alt=\"\" width=\"295\" height=\"295\" srcset=\"https:\/\/goforbundet.se\/sgf\/wp-content\/uploads\/2025\/08\/go_tigerreads-e.png 295w, https:\/\/goforbundet.se\/sgf\/wp-content\/uploads\/2025\/08\/go_tigerreads-e-150x150.png 150w\" sizes=\"auto, (max-width: 295px) 100vw, 295px\" \/>Go blir roligare ju skickligare man \u00e4r. Inom go pratar vi ofta om skicklighet i termer av\u00a0<em>styrka.<\/em>\u00a0F\u00f6r en talangfull person som tr\u00e4nar h\u00e5rt brukar det ta ungef\u00e4r tv\u00e5 \u00e5r att n\u00e5 upp till\u00a0<a href=\"https:\/\/goforbundet.se\/sgf\/index.php\/lar-dig-spela-go\/ranking-och-handikapp\/\">ranken 1 dan<\/a>. F\u00f6r oss vanliga m\u00e4nniskor tar det mycket l\u00e4ngre tid, om vi ens n\u00e5gonsin tar oss dit. Tr\u00e4ning hj\u00e4lper dock, s\u00e5 kasta dig \u00f6ver de l\u00e4nkar vi har samlat nedan!<\/p>\n<h2>L\u00f6s go-problem (tsumego)<\/h2>\n<p>Go handlar till stor del om l\u00e4sning, allts\u00e5 att kunna se n\u00e5gra drag in i framtiden p\u00e5 br\u00e4det. Om du f\u00f6rb\u00e4ttrar din l\u00e4sning blir du s\u00e4kerligen starkare fort! Det enklaste s\u00e4ttet \u00e4r att l\u00e4sa go-problem (<em>tsumego<\/em>\u00a0p\u00e5 japanska). Det finns m\u00e5nga bra b\u00f6cker med go-problem, men det finns ocks\u00e5 m\u00e5nga bra sidor p\u00e5 internet. Ett bra exempel \u00e4r\u00a0<a href=\"https:\/\/blacktoplay.com\/\">blacktoplay.com<\/a>.<\/p>\n<h2>Studera vanliga sekvenser (joseki)<\/h2>\n<p>Vissa sekvenser av drag \u00e5terkommer om och om igen i partier eftersom de visat sig vara de b\u00e4sta m\u00f6jliga dragen f\u00f6r b\u00e5da sidor (svart och vit) givet en viss startsituation. Dessa standardsekvenser kallar joseki p\u00e5 japanska och f\u00f6rekommer ofta i starka spelares partier. Att l\u00e4ra sig n\u00e5gra av dem kan vara mycket anv\u00e4ndbart. Om du \u00e4r intresserad av joseki s\u00e5 rekommenderar vi att du tar en titt p\u00e5\u00a0<a href=\"https:\/\/senseis.xmp.net\/?JosekiResources\">denna sida<\/a>.<\/p>\n<h2>Studera starkare spelares partier<\/h2>\n<p>M\u00e5nga europeiska t\u00e4vlingar direkts\u00e4nds p\u00e5 goservrar s\u00e5som\u00a0<a href=\"http:\/\/www.gokgs.com\/\">KGS<\/a>\u00a0och\u00a0<a href=\"http:\/\/www.pandanet.co.jp\/English\/\">IGS<\/a>. F\u00f6r att se de starkaste asiaternas partier beh\u00f6vs d\u00e4remot ofta ett betalt abonnemang hos n\u00e5gon av\u00a0<a href=\"http:\/\/senseis.xmp.net\/?StudyingProfessionalGames\">dessa<\/a>. Fredrik Blomback 6D har kommenterat n\u00e5gra partier mellan starka spelare p\u00e5 Jusandan 2011, dessa finns\u00a0<a href=\"https:\/\/goforbundet.se\/sgf\/index.php\/lar-dig-spela-go\/kommenterade-partier-fran-jusandan-2011\/\">h\u00e4r<\/a>.<\/p>\n<h2>Be en starkare spelare om kommentarer p\u00e5 partier du spelat<\/h2>\n<p>Ofta hj\u00e4lper det att du sj\u00e4lv tittar igenom ditt parti efter\u00e5t, i synnerhet om du f\u00f6rlorat. Ibland upplever du kanske att du inte vet vad som h\u00e4nde. D\u00e5 \u00e4r det bra att f\u00e5 en starkare spelares kommentarer. P\u00e5\u00a0<a href=\"https:\/\/discord.gg\/KkM85hs\">discord<\/a>\u00a0finns oftast n\u00e5gon stark spelare som g\u00e4rna ger dig tips om du har fr\u00e5gor om ett parti som du spelat.<\/p>\n<h2>Ta lektioner<\/h2>\n<p>Ett hett tips f\u00f6r att bli starkare \u00e4r att ta lektioner. Du kan boka lektioner fr\u00e5n ett stort urval av frilansande go-l\u00e4rare via\u00a0<a href=\"https:\/\/polgote.com\/individual-lessons\/\">https:\/\/polgote.com\/individual-lessons\/.<\/a>\u00a0Du kan ocks\u00e5 hitta l\u00e4rare via Senseis\u00a0<a href=\"http:\/\/senseis.xmp.net\/?GoLessons\">lista \u00f6ver l\u00e4rare<\/a>.<\/p>\n<h2>N\u00e5gra tips fr\u00e5n de starkaste spelarna i Sverige<\/h2>\n<p>Vi har fr\u00e5gat tv\u00e5 av v\u00e5ra starkaste spelare vad som hj\u00e4lpte dem att utvecklas och bli s\u00e5 ruskigt starka.<\/p>\n<table border=\"0\" cellspacing=\"1\" cellpadding=\"4\">\n<tbody>\n<tr>\n<td><\/td>\n<td><strong>Fredrik Blomback, 5 dan*<\/strong><\/td>\n<td><strong>Peder Wiklund, 4 dan*<\/strong><\/td>\n<\/tr>\n<tr>\n<td><strong>Hur tr\u00e4nar du f\u00f6r att bli b\u00e4ttre p\u00e5 go?<\/strong><\/td>\n<td>Jag studerar f\u00f6rst och fr\u00e4mst proffspartier men jag tycker samtidigt att det \u00e4r mycket viktigt att spela egna partier och ha n\u00e5gon form av l\u00e4rare som kan g\u00e5 igenom.<\/td>\n<td>Jag spelar j\u00e4mna partier, helst s\u00e5dana d\u00e4r jag k\u00e4nner nerv och verkligen vill spela bra, t ex n\u00e4r jag m\u00f6ter n\u00e5gon h\u00f6gre rankad eller n\u00e5gon som jag vet att jag spelar j\u00e4mnt med.<\/td>\n<\/tr>\n<tr>\n<td><strong>Vad har hj\u00e4lpt dig mest?<\/strong><\/td>\n<td>Det som har hj\u00e4lpt mig mest \u00e4r att jag alltid str\u00e4vat efter att bli b\u00e4ttre. Motivation \u00e4r mycket viktigt!<\/td>\n<td>Partier, partier, partier. Man kan l\u00e4sa hur m\u00e5nga b\u00f6cker som helst, men om man inte spelar blir man \u00e4nd\u00e5 inte b\u00e4ttre.<\/td>\n<\/tr>\n<tr>\n<td><strong>Vilka tidsinst\u00e4llningar och motst\u00e5ndare rekommenderar du?<\/strong><\/td>\n<td>Jag anser att n\u00e4r man fortfarande \u00e4r kyu-spelare \u00e4r det mycket viktigt att samla p\u00e5 sig erfarenhet och det g\u00f6r man b\u00e4st genom att spela m\u00e5nga partier. D\u00e4rf\u00f6r var blitz en personlig favorit n\u00e4r jag var svagare. N\u00e4r man b\u00f6rjar n\u00e4rma sig dantr\u00e4sket s\u00e5 kan det vara vettigt att spendera lite l\u00e4ngre tid p\u00e5 sina partier. Personligen brukar jag spela med 15 min maintime och 40-50sek byo-yomi.<\/td>\n<td>Jag gillar snabba partier, 20sek\/drag och snabbare. Jag tycker det \u00e4r v\u00e4rdefullt att spela mot alla ranker, men mest nerv \u00e4r det f\u00f6rst\u00e5s n\u00e4r man m\u00f6ter n\u00e5gon som man vet \u00e4r starkare.<\/td>\n<\/tr>\n<tr>\n<td><strong>Vilka fallgropar b\u00f6r man undvika?<\/strong><\/td>\n<td>Jag tycker att man ska g\u00f6ra det man tycker \u00e4r kul eftersom man b\u00f6r komma ih\u00e5g att Go bara \u00e4r en hobby. Avskyr man liv och d\u00f6d ska man inte k\u00e4nna sig tvungen till att g\u00f6ra det, utan g\u00f6ra n\u00e5got man tycker \u00e4r roligare, som att kolla igenom proffspartier eller helt enkelt spela.<\/td>\n<td>Den v\u00e4rsta fallgropen tycker jag \u00e4r att man \u00e4r r\u00e4dd f\u00f6r att f\u00f6rlora och d\u00e4rf\u00f6r inte spelar. Det \u00e4r viktigt att komma \u00f6ver den tr\u00f6skeln och spela m\u00e5nga partier.<\/td>\n<\/tr>\n<tr>\n<td><strong>Vilken inst\u00e4llning har du till spelet och att vinna?<\/strong><\/td>\n<td>Jag tror att de flesta, inklusive jag, motiveras av att vilja vinna och jag anser att utan denna drivkraft \u00e4r det sv\u00e5rt att bli b\u00e4ttre. Samtidigt har jag tr\u00e4ffat m\u00e5nga v\u00e4nner genom Go, s\u00e5 n\u00e4r jag \u00e5ker till en turnering s\u00e5 \u00e4r inte mitt m\u00e5l att endast vinna turneringen utan \u00e4ven att umg\u00e5s och ha det trevligt.<\/td>\n<td>Det viktigaste med Go \u00e4r s\u00e5klart att det ska vara roligt. Den b\u00e4sta k\u00e4nslan \u00e4r n\u00e4r man k\u00e4nner att man spelar p\u00e5 topp och inte kan se ett enda misstag i sin match, men lika upplysande \u00e4r f\u00f6rv\u00e5ningen n\u00e4r man f\u00f6rlorar mot n\u00e4sta motst\u00e5ndare utan att ha en aning om vad som gick snett.<\/td>\n<\/tr>\n<tr>\n<td><strong>Har du n\u00e5gra andra r\u00e5d till en nyb\u00f6rjare?<\/strong><\/td>\n<td>Kom ih\u00e5g att alltid ha kul n\u00e4r du spelar Go och att f\u00f6rlora \u00e4r en del av spelet.<\/td>\n<td>Spela m\u00e5nga partier. Ett s\u00e4kert s\u00e4tt att st\u00e4ndigt k\u00e4nna motivation och lust att spela \u00e4r att hitta likasinnande, g\u00e4rna p\u00e5 samma niv\u00e5 s\u00e5 man sporrar varandra att bli b\u00e4ttre.<\/td>\n<\/tr>\n<\/tbody>\n<\/table>\n<p>* Rank den 15 augusti 2009.<\/p>\n","protected":false},"excerpt":{"rendered":"<p>Go blir roligare ju skickligare man \u00e4r. Inom go pratar vi ofta om skicklighet i termer av\u00a0styrka.\u00a0F\u00f6r en talangfull person [&hellip;]<\/p>\n","protected":false},"author":1,"featured_media":0,"parent":418,"menu_order":0,"comment_status":"closed","ping_status":"closed","template":"","meta":{"site-sidebar-layout":"default","site-content-layout":"","ast-site-content-layout":"default","site-content-style":"default","site-sidebar-style":"default","ast-global-header-display":"","ast-banner-title-visibility":"","ast-main-header-display":"","ast-hfb-above-header-display":"","ast-hfb-below-header-display":"","ast-hfb-mobile-header-display":"","site-post-title":"","ast-breadcrumbs-content":"","ast-featured-img":"","footer-sml-layout":"","ast-disable-related-posts":"","theme-transparent-header-meta":"default","adv-header-id-meta":"","stick-header-meta":"","header-above-stick-meta":"","header-main-stick-meta":"","header-below-stick-meta":"","astra-migrate-meta-layouts":"set","ast-page-background-enabled":"default","ast-page-background-meta":{"desktop":{"background-color":"var(--ast-global-color-5)","background-image":"","background-repeat":"repeat","background-position":"center center","background-size":"auto","background-attachment":"scroll","background-type":"","background-media":"","overlay-type":"","overlay-color":"","overlay-opacity":"","overlay-gradient":""},"tablet":{"background-color":"","background-image":"","background-repeat":"repeat","background-position":"center center","background-size":"auto","background-attachment":"scroll","background-type":"","background-media":"","overlay-type":"","overlay-color":"","overlay-opacity":"","overlay-gradient":""},"mobile":{"background-color":"","background-image":"","background-repeat":"repeat","background-position":"center center","background-size":"auto","background-attachment":"scroll","background-type":"","background-media":"","overlay-type":"","overlay-color":"","overlay-opacity":"","overlay-gradient":""}},"ast-content-background-meta":{"desktop":{"background-color":"var(--ast-global-color-4)","background-image":"","background-repeat":"repeat","background-position":"center center","background-size":"auto","background-attachment":"scroll","background-type":"","background-media":"","overlay-type":"","overlay-color":"","overlay-opacity":"","overlay-gradient":""},"tablet":{"background-color":"var(--ast-global-color-4)","background-image":"","background-repeat":"repeat","background-position":"center center","background-size":"auto","background-attachment":"scroll","background-type":"","background-media":"","overlay-type":"","overlay-color":"","overlay-opacity":"","overlay-gradient":""},"mobile":{"background-color":"var(--ast-global-color-4)","background-image":"","background-repeat":"repeat","background-position":"center center","background-size":"auto","background-attachment":"scroll","background-type":"","background-media":"","overlay-type":"","overlay-color":"","overlay-opacity":"","overlay-gradient":""}},"footnotes":""},"class_list":["post-563","page","type-page","status-publish","hentry"],"_links":{"self":[{"href":"https:\/\/goforbundet.se\/sgf\/index.php\/wp-json\/wp\/v2\/pages\/563","targetHints":{"allow":["GET"]}}],"collection":[{"href":"https:\/\/goforbundet.se\/sgf\/index.php\/wp-json\/wp\/v2\/pages"}],"about":[{"href":"https:\/\/goforbundet.se\/sgf\/index.php\/wp-json\/wp\/v2\/types\/page"}],"author":[{"embeddable":true,"href":"https:\/\/goforbundet.se\/sgf\/index.php\/wp-json\/wp\/v2\/users\/1"}],"replies":[{"embeddable":true,"href":"https:\/\/goforbundet.se\/sgf\/index.php\/wp-json\/wp\/v2\/comments?post=563"}],"version-history":[{"count":2,"href":"https:\/\/goforbundet.se\/sgf\/index.php\/wp-json\/wp\/v2\/pages\/563\/revisions"}],"predecessor-version":[{"id":640,"href":"https:\/\/goforbundet.se\/sgf\/index.php\/wp-json\/wp\/v2\/pages\/563\/revisions\/640"}],"up":[{"embeddable":true,"href":"https:\/\/goforbundet.se\/sgf\/index.php\/wp-json\/wp\/v2\/pages\/418"}],"wp:attachment":[{"href":"https:\/\/goforbundet.se\/sgf\/index.php\/wp-json\/wp\/v2\/media?parent=563"}],"curies":[{"name":"wp","href":"https:\/\/api.w.org\/{rel}","templated":true}]}}