{"id":569,"date":"2025-08-31T10:22:57","date_gmt":"2025-08-31T08:22:57","guid":{"rendered":"https:\/\/goforbundet.se\/sgf\/?page_id=569"},"modified":"2026-01-03T12:51:25","modified_gmt":"2026-01-03T11:51:25","slug":"klubbar","status":"publish","type":"page","link":"https:\/\/goforbundet.se\/sgf\/index.php\/go-i-sverige\/klubbar\/","title":{"rendered":"Klubbar anslutna till Svenska Gof\u00f6rbundet"},"content":{"rendered":"<p>Nedan finns en lista \u00f6ver go-klubbar som \u00e4r anslutna till Svenska Gof\u00f6rbundet. Alla medlemmar i dessa klubbar \u00e4r automatiskt medlemmar i f\u00f6rbundet.<\/p>\n<ul>\n<li><strong>G\u00f6teborgs go-klubb:\u00a0<\/strong><a href=\"http:\/\/gbg.goforbundet.se\/\">Hemsida<\/a>,\u00a0<a href=\"https:\/\/www.facebook.com\/groups\/gbggo\/\">Facebook<\/a><br \/>\nKontaktperson: Robin Nilsson, 0736346694,\u00a0<a href=\"mailto:gbg.goklubb@gmail.com\">gbg.goklubb@gmail.com<\/a><\/li>\n<li><strong>Halmstad go-klubb:\u00a0<\/strong><a href=\"https:\/\/halmstad.goforbundet.se\/\">Hemsida<\/a><br \/>\nE-post: halmstadgoklubb@proton.me<\/li>\n<li><strong>Link\u00f6pings go-klubb:\u00a0<\/strong><a href=\"http:\/\/lingo.goforbundet.se\/\">Hemsida<\/a><br \/>\nKontaktperson: Erik Ouchterlony,\u00a00737814069,\u00a0<a href=\"mailto:erik.ouchterlony@bredband.net\">erik.ouchterlony@bredband.net<\/a><\/li>\n<li><strong>Lunds Goklubb:\u00a0<\/strong><a href=\"https:\/\/lund.goforbundet.se\/\">Hemsida<\/a><br \/>\nKontaktperson: Daniel Svensson,\u00a00730470589<\/li>\n<li><strong>Lule\u00e5 Goklubb:<\/strong>\u00a0<a href=\"http:\/\/lulea.goforbundet.se\/\">Hemsida<\/a><br \/>\nKontaktperson: Carl-Philip Riggo, 0736751221, riggo.calle@gmail.com<\/li>\n<li><strong>Malm\u00f6 Goklubb:<\/strong>\u00a0<a href=\"https:\/\/malmo.goforbundet.se\/\">Hemsida<\/a>,\u00a0<a href=\"https:\/\/www.facebook.com\/groups\/malmogoklubb\/\">Facebook<\/a><br \/>\nKontaktperson: Elias Westerberg,\u00a00768105699,\u00a0elias@team-evolute.org<\/li>\n<li><strong>Norrk\u00f6pings goklubb:\u00a0<\/strong><a href=\"http:\/\/nkpg.goforbundet.se\/\">Hemsida<\/a>,\u00a0<a href=\"https:\/\/www.facebook.com\/groups\/153764541316585\/\">Facebook<\/a><br \/>\nKontaktperson: Robin Keskis\u00e4rkk\u00e4,\u00a00704909179,\u00a0nkpggo@gmail.com<\/li>\n<li><strong>Stockholms Go-klubb:\u00a0<\/strong><a href=\"http:\/\/stockholm.goforbundet.se\/\">Hemsida<\/a>,\u00a0<a href=\"https:\/\/www.facebook.com\/groups\/stockholmgo\/\">Facebook<\/a><br \/>\nKontaktperson: Staffan B\u00e4cklund,\u00a00704935571,\u00a0<a href=\"mailto:kartonga@gmail.com\">kartonga@gmail.com<\/a><\/li>\n<li><strong>Tenuki goklubb<\/strong><br \/>\nDenna klubb \u00e4r till f\u00f6r dig som vill vara medlem i SGF men som inte vill eller kan s\u00f6ka medlemskap i en annan klubb. G\u00e5 med genom att kontakta\u00a0<a href=\"https:\/\/weirdo.se\/contact\" data-entity-substitution=\"canonical\" data-entity-type=\"node\" data-entity-uuid=\"8b8be92b-2597-40a0-8caf-6061dbda8179\">Svenska Gof\u00f6rbundets styrelse<\/a>.<\/li>\n<li><strong>Go i Ume\u00e5:\u00a0<\/strong><a href=\"http:\/\/goiumea.blogspot.se\/\">Hemsida<\/a>,\u00a0<a href=\"https:\/\/www.facebook.com\/groups\/goiumea\/\">Facebook<\/a>,\u00a0<a href=\"https:\/\/twitter.com\/goiumea\">Twitter<\/a><br \/>\nKontaktperson: Daniel Hagstr\u00f6m,\u00a0gruppengoiumea@gmail.com<\/li>\n<li><strong>V\u00e4ster\u00e5s goklubb:<\/strong>\u00a0<a href=\"https:\/\/www.facebook.com\/groups\/472797706077206\/\">Facebook<\/a><br \/>\nKontaktperson: Leif Pettersson,\u00a00739783126<\/li>\n<li><strong>Sandvikens Goklubb<\/strong><br \/>\nKontaktperson: Tobias Nordquist, 0768051961<\/li>\n<\/ul>\n<p>Om du inte f\u00e5r kontakt med n\u00e5gon av klubbarna ovan eller om du vet att n\u00e5gon information \u00e4r felaktig: v\u00e4nligen\u00a0<a href=\"https:\/\/goforbundet.se\/sgf\/index.php\/om-forbundet\/kontakta-oss\/\">kontakta oss<\/a>\u00a0snarast och meddela detta.<\/p>\n<h2>Vilande klubbar<\/h2>\n<p>H\u00e4r finns l\u00e4nkar till info om tidigare aktiva goklubbar. Om du vet att n\u00e5gon av dessa blivit aktiv igen, h\u00f6r av dig till f\u00f6rbundet med kontaktinfo!<\/p>\n<ul>\n<li><strong>Falun&amp;Borl\u00e4nge goklubb:\u00a0<\/strong><a href=\"https:\/\/www.facebook.com\/groups\/300313203459093\/\">Facebook<\/a><\/li>\n<li><strong>Uppsala goklubb: <\/strong><a href=\"http:\/\/uppsala.goforbundet.se\">Hemsida<\/a>, <a href=\"https:\/\/www.facebook.com\/groups\/8126794587\/\">Facebook<\/a>,\u00a0<a href=\"mailto:uppsalago@gmail.com\">uppsalago@gmail.com<\/a>\u00a0(kanske inaktiv mailadress)<\/li>\n<\/ul>\n","protected":false},"excerpt":{"rendered":"<p>Nedan finns en lista \u00f6ver go-klubbar som \u00e4r anslutna till Svenska Gof\u00f6rbundet. Alla medlemmar i dessa klubbar \u00e4r automatiskt medlemmar [&hellip;]<\/p>\n","protected":false},"author":1,"featured_media":0,"parent":41,"menu_order":0,"comment_status":"closed","ping_status":"closed","template":"","meta":{"site-sidebar-layout":"default","site-content-layout":"","ast-site-content-layout":"default","site-content-style":"default","site-sidebar-style":"default","ast-global-header-display":"","ast-banner-title-visibility":"","ast-main-header-display":"","ast-hfb-above-header-display":"","ast-hfb-below-header-display":"","ast-hfb-mobile-header-display":"","site-post-title":"","ast-breadcrumbs-content":"","ast-featured-img":"","footer-sml-layout":"","ast-disable-related-posts":"","theme-transparent-header-meta":"default","adv-header-id-meta":"","stick-header-meta":"","header-above-stick-meta":"","header-main-stick-meta":"","header-below-stick-meta":"","astra-migrate-meta-layouts":"set","ast-page-background-enabled":"default","ast-page-background-meta":{"desktop":{"background-color":"var(--ast-global-color-5)","background-image":"","background-repeat":"repeat","background-position":"center center","background-size":"auto","background-attachment":"scroll","background-type":"","background-media":"","overlay-type":"","overlay-color":"","overlay-opacity":"","overlay-gradient":""},"tablet":{"background-color":"","background-image":"","background-repeat":"repeat","background-position":"center center","background-size":"auto","background-attachment":"scroll","background-type":"","background-media":"","overlay-type":"","overlay-color":"","overlay-opacity":"","overlay-gradient":""},"mobile":{"background-color":"","background-image":"","background-repeat":"repeat","background-position":"center center","background-size":"auto","background-attachment":"scroll","background-type":"","background-media":"","overlay-type":"","overlay-color":"","overlay-opacity":"","overlay-gradient":""}},"ast-content-background-meta":{"desktop":{"background-color":"var(--ast-global-color-4)","background-image":"","background-repeat":"repeat","background-position":"center center","background-size":"auto","background-attachment":"scroll","background-type":"","background-media":"","overlay-type":"","overlay-color":"","overlay-opacity":"","overlay-gradient":""},"tablet":{"background-color":"var(--ast-global-color-4)","background-image":"","background-repeat":"repeat","background-position":"center center","background-size":"auto","background-attachment":"scroll","background-type":"","background-media":"","overlay-type":"","overlay-color":"","overlay-opacity":"","overlay-gradient":""},"mobile":{"background-color":"var(--ast-global-color-4)","background-image":"","background-repeat":"repeat","background-position":"center center","background-size":"auto","background-attachment":"scroll","background-type":"","background-media":"","overlay-type":"","overlay-color":"","overlay-opacity":"","overlay-gradient":""}},"footnotes":""},"class_list":["post-569","page","type-page","status-publish","hentry"],"_links":{"self":[{"href":"https:\/\/goforbundet.se\/sgf\/index.php\/wp-json\/wp\/v2\/pages\/569","targetHints":{"allow":["GET"]}}],"collection":[{"href":"https:\/\/goforbundet.se\/sgf\/index.php\/wp-json\/wp\/v2\/pages"}],"about":[{"href":"https:\/\/goforbundet.se\/sgf\/index.php\/wp-json\/wp\/v2\/types\/page"}],"author":[{"embeddable":true,"href":"https:\/\/goforbundet.se\/sgf\/index.php\/wp-json\/wp\/v2\/users\/1"}],"replies":[{"embeddable":true,"href":"https:\/\/goforbundet.se\/sgf\/index.php\/wp-json\/wp\/v2\/comments?post=569"}],"version-history":[{"count":5,"href":"https:\/\/goforbundet.se\/sgf\/index.php\/wp-json\/wp\/v2\/pages\/569\/revisions"}],"predecessor-version":[{"id":667,"href":"https:\/\/goforbundet.se\/sgf\/index.php\/wp-json\/wp\/v2\/pages\/569\/revisions\/667"}],"up":[{"embeddable":true,"href":"https:\/\/goforbundet.se\/sgf\/index.php\/wp-json\/wp\/v2\/pages\/41"}],"wp:attachment":[{"href":"https:\/\/goforbundet.se\/sgf\/index.php\/wp-json\/wp\/v2\/media?parent=569"}],"curies":[{"name":"wp","href":"https:\/\/api.w.org\/{rel}","templated":true}]}}