{"id":588,"date":"2025-08-31T10:36:35","date_gmt":"2025-08-31T08:36:35","guid":{"rendered":"https:\/\/goforbundet.se\/sgf\/?page_id=588"},"modified":"2025-09-06T17:05:45","modified_gmt":"2025-09-06T15:05:45","slug":"wagc","status":"publish","type":"page","link":"https:\/\/goforbundet.se\/sgf\/index.php\/tavla-for-sverige\/wagc\/","title":{"rendered":"World Amateur Go Championship"},"content":{"rendered":"<div id=\"main-wrapper\" class=\"main-wrapper\">\n<div class=\"container\">\n<div class=\"main-container\">\n<div class=\"block-region region-content\">\n<div id=\"block-mahi-content\" class=\"block\">\n<div class=\"block-content\">\n<article class=\"node node-type-page node-view-mode-full\" data-history-node-id=\"15\">\n<div class=\"node-content\">\n<div class=\"field field--name-body field--type-text-with-summary field--label-hidden field-item\">\n<p><img loading=\"lazy\" decoding=\"async\" class=\"wp-image-289 alignright\" src=\"https:\/\/goforbundet.se\/sgf\/wp-content\/uploads\/2025\/08\/wagc2015.jpg\" alt=\"\" width=\"385\" height=\"258\" srcset=\"https:\/\/goforbundet.se\/sgf\/wp-content\/uploads\/2025\/08\/wagc2015.jpg 850w, https:\/\/goforbundet.se\/sgf\/wp-content\/uploads\/2025\/08\/wagc2015-300x201.jpg 300w, https:\/\/goforbundet.se\/sgf\/wp-content\/uploads\/2025\/08\/wagc2015-768x515.jpg 768w\" sizes=\"auto, (max-width: 385px) 100vw, 385px\" \/>T\u00e4vlingen World Amateur Go Championship (\u00e4ven kallat amat\u00f6r-VM eller WAGC) spelas varje \u00e5r, oftast i n\u00e5got land i Asien. Bild till h\u00f6ger visar Klas Almrot 4D som representerar Sverige under WAGC 2015 i Bankok, Thailand.<\/p>\n<p>Sveriges representant till WAGC v\u00e4ljs enligt reglerna som finns i<a href=\"https:\/\/goforbundet.se\/sgf\/index.php\/om-forbundet\/stadgar-och-reglemente\/\">\u00a0Svenska Gof\u00f6rbundets reglemente<\/a>. Listan \u00f6ver aktuella VM-po\u00e4ng\u00a0<a href=\"https:\/\/goforbundet.se\/vmpoang\/\">finns h\u00e4r<\/a>.<\/p>\n<p>&nbsp;<\/p>\n<h2>Resultat fr\u00e5n WAGC<\/h2>\n<p>F\u00f6ljande lista visar vilka spelar som representerat Sverige i genom \u00e5ren i WAGC samt vilken placering de fick i turneringen. Namnen \u00e4r l\u00e4nkade till respektive spelarsida p\u00e5 EGD, och placeringen \u00e4r l\u00e4nkad till turneringsresultaten.<\/p>\n<table border=\"1\" cellspacing=\"1\" cellpadding=\"1\">\n<thead>\n<tr>\n<th scope=\"col\">\u00c5r<\/th>\n<th scope=\"col\">Spelare<\/th>\n<th scope=\"col\">Styrka<\/th>\n<th scope=\"col\">Placering<\/th>\n<\/tr>\n<\/thead>\n<tbody>\n<tr>\n<td>2025<\/td>\n<td class=\"rtecenter\"><a href=\"http:\/\/europeangodatabase.eu\/EGD\/Player_Card.php?&amp;key=13286603\">Marc Stoehr<\/a><\/td>\n<td>1D<\/td>\n<td><a href=\"https:\/\/europeangodatabase.eu\/EGD\/Tournament_Card.php?&amp;key=W250518A\">42\/52<\/a><\/td>\n<\/tr>\n<tr>\n<td>2024<\/td>\n<td class=\"rtecenter\"><a href=\"http:\/\/europeangodatabase.eu\/EGD\/Player_Card.php?&amp;key=13286603\">Charlie \u00c5kerblom<\/a><\/td>\n<td>5D<\/td>\n<td><a href=\"https:\/\/europeangodatabase.eu\/EGD\/Tournament_Card.php?&amp;key=W240517A\">40\/60<\/a><\/td>\n<\/tr>\n<tr>\n<td>2023<\/td>\n<td><a href=\"https:\/\/europeangodatabase.eu\/EGD\/Player_Card.php?&amp;key=15933236\">Anton Silfver<\/a><\/td>\n<td>2D<\/td>\n<td><a href=\"https:\/\/europeangodatabase.eu\/EGD\/Tournament_Card.php?&amp;key=W231215A\">30\/46<\/a><\/td>\n<\/tr>\n<tr>\n<td class=\"rtecenter\">2022<\/td>\n<td class=\"rtecenter\"><a href=\"https:\/\/www.europeangodatabase.eu\/EGD\/Player_Card.php?&amp;key=13625051\">Marc Stoehr<\/a><\/td>\n<td class=\"rtecenter\">1D<\/td>\n<td class=\"rtecenter\"><a href=\"http:\/\/wywf.cweiqi.net\/#\/home\/detail?id=17d60f7b-1600-4ac6-938a-04c838b5c269\">36\/44<\/a>\u00a0(online via Fox)<\/td>\n<\/tr>\n<tr>\n<td class=\"rtecenter\">2021<\/td>\n<td class=\"rtecenter\">&#8211; Ingen representant &#8211;<\/td>\n<td class=\"rtecenter\"><\/td>\n<td class=\"rtecenter\"><a href=\"https:\/\/www.europeangodatabase.eu\/EGD\/Tournament_Card.php?&amp;key=T210604E\">-\/57<\/a><\/td>\n<\/tr>\n<tr>\n<td class=\"rtecenter\">2020<\/td>\n<td class=\"rtecenter\">&#8211; Ingen t\u00e4vling pga covid &#8211;<\/td>\n<td class=\"rtecenter\"><\/td>\n<td class=\"rtecenter\"><\/td>\n<\/tr>\n<tr>\n<td class=\"rtecenter\">2019<\/td>\n<td class=\"rtecenter\"><a href=\"http:\/\/europeangodatabase.eu\/EGD\/Player_Card.php?&amp;key=10498631\">Martin Li<\/a><\/td>\n<td class=\"rtecenter\">4D<\/td>\n<td class=\"rtecenter\"><a href=\"https:\/\/www.europeangodatabase.eu\/EGD\/Tournament_Card.php?&amp;key=W190530A\">45\/59<\/a><\/td>\n<\/tr>\n<tr>\n<td class=\"rtecenter\">2018<\/td>\n<td class=\"rtecenter\"><a href=\"http:\/\/www.europeangodatabase.eu\/EGD\/Player_Card.php?&amp;key=15313947\">Kim Johansson<\/a><\/td>\n<td class=\"rtecenter\">2D<\/td>\n<td class=\"rtecenter\"><a href=\"http:\/\/www.europeangodatabase.eu\/EGD\/Tournament_Card.php?&amp;key=W180504A\">45\/61<\/a><\/td>\n<\/tr>\n<tr>\n<td class=\"rtecenter\">2017<\/td>\n<td class=\"rtecenter\">&#8211; Ingen representant &#8211;<\/td>\n<td class=\"rtecenter\">&#8211;<\/td>\n<td class=\"rtecenter\">-\/<a href=\"http:\/\/www.europeangodatabase.eu\/EGD\/Tournament_Card.php?&amp;key=T170604B\">48<\/a><\/td>\n<\/tr>\n<tr>\n<td class=\"rtecenter\">2016<\/td>\n<td class=\"rtecenter\"><a href=\"http:\/\/europeangodatabase.eu\/EGD\/Player_Card.php?&amp;key=12837748\">Leif Almrot<\/a><\/td>\n<td class=\"rtecenter\">3D<\/td>\n<td class=\"rtecenter\"><a href=\"http:\/\/www.ranka.intergofed.org\/?page_id=13885\">31\/55<\/a><\/td>\n<\/tr>\n<tr>\n<td class=\"rtecenter\">2015<\/td>\n<td class=\"rtecenter\"><a href=\"http:\/\/www.europeangodatabase.eu\/EGD\/Player_Card.php?&amp;key=13874124\">Klas Almrot<\/a><\/td>\n<td class=\"rtecenter\">4D<\/td>\n<td class=\"rtecenter\"><a href=\"http:\/\/www.europeangodatabase.eu\/EGD\/Tournament_Card.php?&amp;key=W150607A\">23\/57<\/a><\/td>\n<\/tr>\n<tr>\n<td class=\"rtecenter\">2014<\/td>\n<td class=\"rtecenter\"><a href=\"http:\/\/europeangodatabase.eu\/EGD\/Player_Card.php?&amp;key=13937946\">Fredrik Blomback<\/a><\/td>\n<td class=\"rtecenter\">6D<\/td>\n<td class=\"rtecenter\"><a href=\"http:\/\/europeangodatabase.eu\/EGD\/Tournament_Card.php?&amp;key=W140706A&amp;pin=13937946\">8\/54<\/a><\/td>\n<\/tr>\n<tr>\n<td class=\"rtecenter\">2013<\/td>\n<td class=\"rtecenter\"><a href=\"http:\/\/europeangodatabase.eu\/EGD\/Player_Card.php?&amp;key=13286603\">Charlie \u00c5kerblom<\/a><\/td>\n<td class=\"rtecenter\">4D<\/td>\n<td class=\"rtecenter\"><a href=\"http:\/\/europeangodatabase.eu\/EGD\/Tournament_Card.php?&amp;key=W130901A&amp;pin=13286603\">15\/56<\/a><\/td>\n<\/tr>\n<tr>\n<td class=\"rtecenter\">2012<\/td>\n<td class=\"rtecenter\"><a href=\"http:\/\/europeangodatabase.eu\/EGD\/Player_Card.php?&amp;key=10498631\">Martin Li<\/a><\/td>\n<td class=\"rtecenter\">5D<\/td>\n<td class=\"rtecenter\"><a href=\"http:\/\/europeangodatabase.eu\/EGD\/Tournament_Card.php?&amp;key=W120513A&amp;pin=10498631\">26\/56<\/a><\/td>\n<\/tr>\n<tr>\n<td class=\"rtecenter\">2011<\/td>\n<td class=\"rtecenter\"><a href=\"http:\/\/europeangodatabase.eu\/EGD\/Player_Card.php?&amp;key=13486693\">John Karlsson<\/a><\/td>\n<td class=\"rtecenter\">4D<\/td>\n<td class=\"rtecenter\"><a href=\"http:\/\/europeangodatabase.eu\/EGD\/Tournament_Card.php?&amp;key=W110529A&amp;pin=13486693\">27\/57<\/a><\/td>\n<\/tr>\n<tr>\n<td class=\"rtecenter\">2010<\/td>\n<td class=\"rtecenter\"><a href=\"http:\/\/europeangodatabase.eu\/EGD\/Player_Card.php?&amp;key=13937946\">Fredrik Blomback<\/a><\/td>\n<td class=\"rtecenter\">5D<\/td>\n<td class=\"rtecenter\"><a href=\"http:\/\/europeangodatabase.eu\/EGD\/Tournament_Card.php?&amp;key=W100524A&amp;pin=13937946\">11\/60<\/a><\/td>\n<\/tr>\n<tr>\n<td class=\"rtecenter\">2009<\/td>\n<td class=\"rtecenter\"><a href=\"http:\/\/europeangodatabase.eu\/EGD\/Player_Card.php?&amp;key=12898743\">Carl-Johan Ragnarsson<\/a><\/td>\n<td class=\"rtecenter\">4D<\/td>\n<td class=\"rtecenter\"><a href=\"http:\/\/europeangodatabase.eu\/EGD\/Tournament_Card.php?&amp;key=W090527A&amp;pin=12898743\">17\/66<\/a><\/td>\n<\/tr>\n<tr>\n<td class=\"rtecenter\">2008<\/td>\n<td class=\"rtecenter\"><a href=\"http:\/\/europeangodatabase.eu\/EGD\/Player_Card.php?&amp;key=10498631\">Martin Li<\/a><\/td>\n<td class=\"rtecenter\">5D<\/td>\n<td class=\"rtecenter\"><a href=\"http:\/\/europeangodatabase.eu\/EGD\/Tournament_Card.php?&amp;key=W080528&amp;pin=10498631\">45\/68<\/a><\/td>\n<\/tr>\n<tr>\n<td class=\"rtecenter\">2007<\/td>\n<td class=\"rtecenter\"><a href=\"http:\/\/europeangodatabase.eu\/EGD\/Player_Card.php?&amp;key=12350184\">Erik Ouchterlony<\/a><\/td>\n<td class=\"rtecenter\">3D<\/td>\n<td class=\"rtecenter\"><a href=\"http:\/\/europeangodatabase.eu\/EGD\/Tournament_Card.php?&amp;key=W070528&amp;pin=12350184\">27\/68<\/a><\/td>\n<\/tr>\n<tr>\n<td class=\"rtecenter\">2006<\/td>\n<td class=\"rtecenter\"><a href=\"http:\/\/europeangodatabase.eu\/EGD\/Player_Card.php?&amp;key=12401829\">Michael Yao<\/a><\/td>\n<td class=\"rtecenter\">5D<\/td>\n<td class=\"rtecenter\"><a href=\"http:\/\/europeangodatabase.eu\/EGD\/Tournament_Card.php?&amp;key=W060528&amp;pin=12401829\">16\/68<\/a><\/td>\n<\/tr>\n<tr>\n<td class=\"rtecenter\">2005<\/td>\n<td class=\"rtecenter\"><a href=\"http:\/\/europeangodatabase.eu\/EGD\/Player_Card.php?&amp;key=10498631\">Martin Li<\/a><\/td>\n<td class=\"rtecenter\">5D<\/td>\n<td class=\"rtecenter\"><a href=\"http:\/\/europeangodatabase.eu\/EGD\/Tournament_Card.php?&amp;key=W050524&amp;pin=10498631\">33\/65<\/a><\/td>\n<\/tr>\n<tr>\n<td class=\"rtecenter\">2004<\/td>\n<td class=\"rtecenter\"><a href=\"http:\/\/europeangodatabase.eu\/EGD\/Player_Card.php?&amp;key=10386068\">Gustav Fahl<\/a><\/td>\n<td class=\"rtecenter\">2D<\/td>\n<td class=\"rtecenter\"><a href=\"http:\/\/europeangodatabase.eu\/EGD\/Tournament_Card.php?&amp;key=W040606&amp;pin=10386068\">15\/64<\/a><\/td>\n<\/tr>\n<tr>\n<td class=\"rtecenter\">2003<\/td>\n<td class=\"rtecenter\"><a href=\"http:\/\/europeangodatabase.eu\/EGD\/Player_Card.php?&amp;key=10462562\">Ulf Olsson<\/a><\/td>\n<td class=\"rtecenter\">4D<\/td>\n<td class=\"rtecenter\"><a href=\"http:\/\/europeangodatabase.eu\/EGD\/Tournament_Card.php?&amp;key=W030927&amp;pin=10462562\">20\/58<\/a><\/td>\n<\/tr>\n<tr>\n<td class=\"rtecenter\">2002<\/td>\n<td class=\"rtecenter\"><a href=\"http:\/\/europeangodatabase.eu\/EGD\/Player_Card.php?&amp;key=10313061\">Erik Ekholm<\/a><\/td>\n<td class=\"rtecenter\">3D<\/td>\n<td class=\"rtecenter\"><a href=\"http:\/\/europeangodatabase.eu\/EGD\/Tournament_Card.php?&amp;key=W020602&amp;pin=10313061\">32\/61<\/a><\/td>\n<\/tr>\n<tr>\n<td class=\"rtecenter\">2001<\/td>\n<td class=\"rtecenter\"><a href=\"http:\/\/europeangodatabase.eu\/EGD\/Player_Card.php?&amp;key=10386761\">Harry Taari<\/a><\/td>\n<td class=\"rtecenter\">4D<\/td>\n<td class=\"rtecenter\"><a href=\"http:\/\/europeangodatabase.eu\/EGD\/Tournament_Card.php?&amp;key=W010610&amp;pin=10386761\">22\/56<\/a><\/td>\n<\/tr>\n<tr>\n<td class=\"rtecenter\">2000<\/td>\n<td class=\"rtecenter\"><a href=\"http:\/\/europeangodatabase.eu\/EGD\/Player_Card.php?&amp;key=10337063\">Staffan B\u00e4cklund<\/a><\/td>\n<td class=\"rtecenter\">2D<\/td>\n<td class=\"rtecenter\"><a href=\"http:\/\/europeangodatabase.eu\/EGD\/Tournament_Card.php?&amp;key=W000619&amp;pin=10337063\">31\/55<\/a><\/td>\n<\/tr>\n<tr>\n<td class=\"rtecenter\">1999<\/td>\n<td class=\"rtecenter\"><a href=\"http:\/\/europeangodatabase.eu\/EGD\/Player_Card.php?&amp;key=10313061\">Erik Ekholm<\/a><\/td>\n<td class=\"rtecenter\">2D<\/td>\n<td class=\"rtecenter\"><a href=\"http:\/\/europeangodatabase.eu\/EGD\/Tournament_Card.php?&amp;key=W990608&amp;pin=10313061\">33\/55<\/a><\/td>\n<\/tr>\n<tr>\n<td class=\"rtecenter\">1998<\/td>\n<td class=\"rtecenter\"><a href=\"http:\/\/europeangodatabase.eu\/EGD\/Player_Card.php?&amp;key=10374760\">Magnus Kylemark<\/a><\/td>\n<td class=\"rtecenter\">2D<\/td>\n<td class=\"rtecenter\"><a href=\"http:\/\/europeangodatabase.eu\/EGD\/Tournament_Card.php?&amp;key=W980602&amp;pin=10374760\">22\/50<\/a><\/td>\n<\/tr>\n<tr>\n<td class=\"rtecenter\">1997<\/td>\n<td class=\"rtecenter\"><a href=\"http:\/\/europeangodatabase.eu\/EGD\/Player_Card.php?&amp;key=10386761\">Harry Taari<\/a><\/td>\n<td class=\"rtecenter\">2D<\/td>\n<td class=\"rtecenter\"><a href=\"http:\/\/europeangodatabase.eu\/EGD\/Tournament_Card.php?&amp;key=W970610&amp;pin=10386761\">25\/46<\/a><\/td>\n<\/tr>\n<tr>\n<td class=\"rtecenter\">1996<\/td>\n<td class=\"rtecenter\"><a href=\"http:\/\/europeangodatabase.eu\/EGD\/Player_Card.php?&amp;key=10462562\">Ulf Olsson<\/a><\/td>\n<td class=\"rtecenter\">4D<\/td>\n<td class=\"rtecenter\"><a href=\"http:\/\/europeangodatabase.eu\/EGD\/Tournament_Card.php?&amp;key=W960521&amp;pin=10462562\">27\/46<\/a><\/td>\n<\/tr>\n<tr>\n<td class=\"rtecenter\">1995<\/td>\n<td class=\"rtecenter\"><a href=\"http:\/\/www.europeangodatabase.eu\/EGD\/Player_Card.php?&amp;key=10333059\">Lars Willf\u00f6r<\/a><\/td>\n<td class=\"rtecenter\">2D<\/td>\n<td class=\"rtecenter\"><a href=\"http:\/\/kamyszyn.go.art.pl\/wagc#TOC-17th-1995\">33\/44<\/a><\/td>\n<\/tr>\n<tr>\n<td class=\"rtecenter\">1994<\/td>\n<td class=\"rtecenter\"><a href=\"http:\/\/www.europeangodatabase.eu\/EGD\/Player_Card.php?&amp;key=10398058\">Magnus Persson<\/a><\/td>\n<td class=\"rtecenter\">2D<\/td>\n<td class=\"rtecenter\"><a href=\"http:\/\/kamyszyn.go.art.pl\/wagc#TOC-16th-1994\">35\/44<\/a><\/td>\n<\/tr>\n<tr>\n<td class=\"rtecenter\">1993<\/td>\n<td class=\"rtecenter\"><a href=\"http:\/\/europeangodatabase.eu\/EGD\/Player_Card.php?&amp;key=10462562\">Ulf Olsson<\/a><\/td>\n<td class=\"rtecenter\">4D<\/td>\n<td class=\"rtecenter\"><a href=\"http:\/\/kamyszyn.go.art.pl\/wagc#TOC-15th-1993\">25\/40<\/a><\/td>\n<\/tr>\n<tr>\n<td class=\"rtecenter\">1992<\/td>\n<td class=\"rtecenter\"><a href=\"http:\/\/www.europeangodatabase.eu\/EGD\/Player_Card.php?&amp;key=10433632\">Christer Lindstedt<\/a><\/td>\n<td class=\"rtecenter\">2D<\/td>\n<td class=\"rtecenter\"><a href=\"http:\/\/kamyszyn.go.art.pl\/wagc#TOC-14th-1992\">34\/40<\/a><\/td>\n<\/tr>\n<tr>\n<td class=\"rtecenter\">1991<\/td>\n<td class=\"rtecenter\"><a href=\"http:\/\/europeangodatabase.eu\/EGD\/Player_Card.php?&amp;key=10462562\">Ulf Olsson<\/a><\/td>\n<td class=\"rtecenter\">4D<\/td>\n<td class=\"rtecenter\"><a href=\"http:\/\/kamyszyn.go.art.pl\/wagc#TOC-13th-1991\">24\/40<\/a><\/td>\n<\/tr>\n<tr>\n<td class=\"rtecenter\">1990<\/td>\n<td class=\"rtecenter\"><a href=\"http:\/\/www.europeangodatabase.eu\/EGD\/Player_Card.php?&amp;key=10962380\">Bj\u00f6rn Hallin<\/a><\/td>\n<td class=\"rtecenter\">1K<\/td>\n<td class=\"rtecenter\"><a href=\"http:\/\/kamyszyn.go.art.pl\/wagc#TOC-12th-1990\">35\/40<\/a><\/td>\n<\/tr>\n<tr>\n<td class=\"rtecenter\">1989<\/td>\n<td class=\"rtecenter\">Eui-Suk Chung<\/td>\n<td class=\"rtecenter\">2D<\/td>\n<td class=\"rtecenter\"><a href=\"http:\/\/kamyszyn.go.art.pl\/wagc#TOC-11th-1989\">32\/38<\/a><\/td>\n<\/tr>\n<tr>\n<td class=\"rtecenter\">1988<\/td>\n<td class=\"rtecenter\"><a href=\"http:\/\/europeangodatabase.eu\/EGD\/Player_Card.php?&amp;key=10462562\">Ulf Olsson<\/a><\/td>\n<td class=\"rtecenter\">4D<\/td>\n<td class=\"rtecenter\"><a href=\"http:\/\/kamyszyn.go.art.pl\/wagc#TOC-10th-1988\">26\/36<\/a><\/td>\n<\/tr>\n<tr>\n<td class=\"rtecenter\">1987<\/td>\n<td class=\"rtecenter\"><a href=\"http:\/\/www.europeangodatabase.eu\/EGD\/Player_Card.php?&amp;key=10550529\">Mats Johansson<\/a><\/td>\n<td class=\"rtecenter\">3D<\/td>\n<td class=\"rtecenter\"><a href=\"http:\/\/kamyszyn.go.art.pl\/wagc#TOC-9th-1987\">26\/34<\/a><\/td>\n<\/tr>\n<tr>\n<td class=\"rtecenter\">1986<\/td>\n<td class=\"rtecenter\"><a href=\"http:\/\/europeangodatabase.eu\/EGD\/Player_Card.php?&amp;key=10462562\">Ulf Olsson<\/a><\/td>\n<td class=\"rtecenter\">3D<\/td>\n<td class=\"rtecenter\"><a href=\"http:\/\/kamyszyn.go.art.pl\/wagc#TOC-8th-1986\">17\/34<\/a><\/td>\n<\/tr>\n<tr>\n<td class=\"rtecenter\">1985<\/td>\n<td class=\"rtecenter\"><a href=\"http:\/\/www.europeangodatabase.eu\/EGD\/Player_Card.php?&amp;key=12913923\">Gunnar von Arnold<\/a><\/td>\n<td class=\"rtecenter\">2D<\/td>\n<td class=\"rtecenter\"><a href=\"http:\/\/kamyszyn.go.art.pl\/wagc#TOC-7th-1985\">17\/32<\/a><\/td>\n<\/tr>\n<tr>\n<td class=\"rtecenter\">1984<\/td>\n<td class=\"rtecenter\"><a href=\"http:\/\/europeangodatabase.eu\/EGD\/Player_Card.php?&amp;key=10462562\">Ulf Olsson<\/a><\/td>\n<td class=\"rtecenter\">3D<\/td>\n<td class=\"rtecenter\"><a href=\"http:\/\/kamyszyn.go.art.pl\/wagc#TOC-6th-1984\">17\/30<\/a><\/td>\n<\/tr>\n<tr>\n<td class=\"rtecenter\">1983<\/td>\n<td class=\"rtecenter\"><a href=\"http:\/\/www.europeangodatabase.eu\/EGD\/Player_Card.php?&amp;key=10433632\">Christer Lindstedt<\/a><\/td>\n<td class=\"rtecenter\">2D<\/td>\n<td class=\"rtecenter\"><a href=\"http:\/\/kamyszyn.go.art.pl\/wagc#TOC-5th-1983\">23\/31<\/a><\/td>\n<\/tr>\n<tr>\n<td class=\"rtecenter\">1982<\/td>\n<td class=\"rtecenter\"><a href=\"http:\/\/www.europeangodatabase.eu\/EGD\/Player_Card.php?&amp;key=10550529\">Mats Johansson<\/a><\/td>\n<td class=\"rtecenter\">3D<\/td>\n<td class=\"rtecenter\"><a href=\"http:\/\/kamyszyn.go.art.pl\/wagc#TOC-4th-1982\">26\/31<\/a><\/td>\n<\/tr>\n<tr>\n<td class=\"rtecenter\">1981<\/td>\n<td class=\"rtecenter\">Per-Inge Olsson<\/td>\n<td class=\"rtecenter\">2D<\/td>\n<td class=\"rtecenter\"><a href=\"http:\/\/kamyszyn.go.art.pl\/wagc#TOC-3rd-1981\">25\/32<\/a><\/td>\n<\/tr>\n<tr>\n<td class=\"rtecenter\">1980<\/td>\n<td class=\"rtecenter\">&#8211;<\/td>\n<td class=\"rtecenter\">&#8211;<\/td>\n<td class=\"rtecenter\"><a href=\"http:\/\/kamyszyn.go.art.pl\/wagc#TOC-2nd-1980\">32<\/a><\/td>\n<\/tr>\n<tr>\n<td class=\"rtecenter\">1979<\/td>\n<td class=\"rtecenter\">&#8211;<\/td>\n<td class=\"rtecenter\">&#8211;<\/td>\n<td class=\"rtecenter\"><a href=\"http:\/\/kamyszyn.go.art.pl\/wagc#TOC-1st-1979\">30<\/a><\/td>\n<\/tr>\n<\/tbody>\n<\/table>\n<\/div>\n<\/div>\n<\/article>\n<\/div>\n<\/div>\n<\/div>\n<p>&nbsp;<\/p>\n<\/div>\n<\/div>\n<\/div>\n","protected":false},"excerpt":{"rendered":"<p>T\u00e4vlingen World Amateur Go Championship (\u00e4ven kallat amat\u00f6r-VM eller WAGC) spelas varje \u00e5r, oftast i n\u00e5got land i Asien. Bild [&hellip;]<\/p>\n","protected":false},"author":1,"featured_media":0,"parent":84,"menu_order":0,"comment_status":"closed","ping_status":"closed","template":"","meta":{"site-sidebar-layout":"default","site-content-layout":"","ast-site-content-layout":"default","site-content-style":"default","site-sidebar-style":"default","ast-global-header-display":"","ast-banner-title-visibility":"","ast-main-header-display":"","ast-hfb-above-header-display":"","ast-hfb-below-header-display":"","ast-hfb-mobile-header-display":"","site-post-title":"","ast-breadcrumbs-content":"","ast-featured-img":"","footer-sml-layout":"","ast-disable-related-posts":"","theme-transparent-header-meta":"default","adv-header-id-meta":"","stick-header-meta":"","header-above-stick-meta":"","header-main-stick-meta":"","header-below-stick-meta":"","astra-migrate-meta-layouts":"set","ast-page-background-enabled":"default","ast-page-background-meta":{"desktop":{"background-color":"var(--ast-global-color-5)","background-image":"","background-repeat":"repeat","background-position":"center center","background-size":"auto","background-attachment":"scroll","background-type":"","background-media":"","overlay-type":"","overlay-color":"","overlay-opacity":"","overlay-gradient":""},"tablet":{"background-color":"","background-image":"","background-repeat":"repeat","background-position":"center center","background-size":"auto","background-attachment":"scroll","background-type":"","background-media":"","overlay-type":"","overlay-color":"","overlay-opacity":"","overlay-gradient":""},"mobile":{"background-color":"","background-image":"","background-repeat":"repeat","background-position":"center center","background-size":"auto","background-attachment":"scroll","background-type":"","background-media":"","overlay-type":"","overlay-color":"","overlay-opacity":"","overlay-gradient":""}},"ast-content-background-meta":{"desktop":{"background-color":"var(--ast-global-color-4)","background-image":"","background-repeat":"repeat","background-position":"center center","background-size":"auto","background-attachment":"scroll","background-type":"","background-media":"","overlay-type":"","overlay-color":"","overlay-opacity":"","overlay-gradient":""},"tablet":{"background-color":"var(--ast-global-color-4)","background-image":"","background-repeat":"repeat","background-position":"center center","background-size":"auto","background-attachment":"scroll","background-type":"","background-media":"","overlay-type":"","overlay-color":"","overlay-opacity":"","overlay-gradient":""},"mobile":{"background-color":"var(--ast-global-color-4)","background-image":"","background-repeat":"repeat","background-position":"center center","background-size":"auto","background-attachment":"scroll","background-type":"","background-media":"","overlay-type":"","overlay-color":"","overlay-opacity":"","overlay-gradient":""}},"footnotes":""},"class_list":["post-588","page","type-page","status-publish","hentry"],"_links":{"self":[{"href":"https:\/\/goforbundet.se\/sgf\/index.php\/wp-json\/wp\/v2\/pages\/588","targetHints":{"allow":["GET"]}}],"collection":[{"href":"https:\/\/goforbundet.se\/sgf\/index.php\/wp-json\/wp\/v2\/pages"}],"about":[{"href":"https:\/\/goforbundet.se\/sgf\/index.php\/wp-json\/wp\/v2\/types\/page"}],"author":[{"embeddable":true,"href":"https:\/\/goforbundet.se\/sgf\/index.php\/wp-json\/wp\/v2\/users\/1"}],"replies":[{"embeddable":true,"href":"https:\/\/goforbundet.se\/sgf\/index.php\/wp-json\/wp\/v2\/comments?post=588"}],"version-history":[{"count":3,"href":"https:\/\/goforbundet.se\/sgf\/index.php\/wp-json\/wp\/v2\/pages\/588\/revisions"}],"predecessor-version":[{"id":658,"href":"https:\/\/goforbundet.se\/sgf\/index.php\/wp-json\/wp\/v2\/pages\/588\/revisions\/658"}],"up":[{"embeddable":true,"href":"https:\/\/goforbundet.se\/sgf\/index.php\/wp-json\/wp\/v2\/pages\/84"}],"wp:attachment":[{"href":"https:\/\/goforbundet.se\/sgf\/index.php\/wp-json\/wp\/v2\/media?parent=588"}],"curies":[{"name":"wp","href":"https:\/\/api.w.org\/{rel}","templated":true}]}}