{"id":595,"date":"2025-08-31T10:43:32","date_gmt":"2025-08-31T08:43:32","guid":{"rendered":"https:\/\/goforbundet.se\/sgf\/?page_id=595"},"modified":"2025-08-31T10:43:32","modified_gmt":"2025-08-31T08:43:32","slug":"lag-em-pandanet-european-team-go-championship","status":"publish","type":"page","link":"https:\/\/goforbundet.se\/sgf\/index.php\/tavla-for-sverige\/lag-em-pandanet-european-team-go-championship\/","title":{"rendered":"Lag-EM: Pandanet European Team Go Championship"},"content":{"rendered":"<p><img loading=\"lazy\" decoding=\"async\" class=\"size-full wp-image-292 alignright\" src=\"https:\/\/goforbundet.se\/sgf\/wp-content\/uploads\/2025\/08\/pandanet_0.png\" alt=\"\" width=\"200\" height=\"121\" \/>Sverige deltar i Lag-EM som spelas under ett \u00e5r med start i september. Fyra personer spelar varje rond och partierna spelas online. Finalen spelas under den Europeiska Go-kongressen som g\u00e5r av stapeln varje sommar. Fler detaljer om lag-EM finns p\u00e5 hemsidan f\u00f6r\u00a0<a href=\"http:\/\/pandanet-igs.com\/communities\/euroteamchamps\">Pandanet European Team Go Championship<\/a>\u00a0d\u00e4r du ocks\u00e5 kan l\u00e4sa vilka som representerar Sverige. Sveriges lag v\u00e4ljs enligt reglerna som finns i<a href=\"https:\/\/goforbundet.se\/sgf\/index.php\/om-forbundet\/stadgar-och-reglemente\/\">\u00a0Svenska Gof\u00f6rbundets reglemente<\/a>.<\/p>\n","protected":false},"excerpt":{"rendered":"<p>Sverige deltar i Lag-EM som spelas under ett \u00e5r med start i september. Fyra personer spelar varje rond och partierna [&hellip;]<\/p>\n","protected":false},"author":1,"featured_media":0,"parent":84,"menu_order":0,"comment_status":"closed","ping_status":"closed","template":"","meta":{"site-sidebar-layout":"default","site-content-layout":"","ast-site-content-layout":"default","site-content-style":"default","site-sidebar-style":"default","ast-global-header-display":"","ast-banner-title-visibility":"","ast-main-header-display":"","ast-hfb-above-header-display":"","ast-hfb-below-header-display":"","ast-hfb-mobile-header-display":"","site-post-title":"","ast-breadcrumbs-content":"","ast-featured-img":"","footer-sml-layout":"","ast-disable-related-posts":"","theme-transparent-header-meta":"default","adv-header-id-meta":"","stick-header-meta":"","header-above-stick-meta":"","header-main-stick-meta":"","header-below-stick-meta":"","astra-migrate-meta-layouts":"set","ast-page-background-enabled":"default","ast-page-background-meta":{"desktop":{"background-color":"var(--ast-global-color-5)","background-image":"","background-repeat":"repeat","background-position":"center center","background-size":"auto","background-attachment":"scroll","background-type":"","background-media":"","overlay-type":"","overlay-color":"","overlay-opacity":"","overlay-gradient":""},"tablet":{"background-color":"","background-image":"","background-repeat":"repeat","background-position":"center center","background-size":"auto","background-attachment":"scroll","background-type":"","background-media":"","overlay-type":"","overlay-color":"","overlay-opacity":"","overlay-gradient":""},"mobile":{"background-color":"","background-image":"","background-repeat":"repeat","background-position":"center center","background-size":"auto","background-attachment":"scroll","background-type":"","background-media":"","overlay-type":"","overlay-color":"","overlay-opacity":"","overlay-gradient":""}},"ast-content-background-meta":{"desktop":{"background-color":"var(--ast-global-color-4)","background-image":"","background-repeat":"repeat","background-position":"center center","background-size":"auto","background-attachment":"scroll","background-type":"","background-media":"","overlay-type":"","overlay-color":"","overlay-opacity":"","overlay-gradient":""},"tablet":{"background-color":"var(--ast-global-color-4)","background-image":"","background-repeat":"repeat","background-position":"center center","background-size":"auto","background-attachment":"scroll","background-type":"","background-media":"","overlay-type":"","overlay-color":"","overlay-opacity":"","overlay-gradient":""},"mobile":{"background-color":"var(--ast-global-color-4)","background-image":"","background-repeat":"repeat","background-position":"center center","background-size":"auto","background-attachment":"scroll","background-type":"","background-media":"","overlay-type":"","overlay-color":"","overlay-opacity":"","overlay-gradient":""}},"footnotes":""},"class_list":["post-595","page","type-page","status-publish","hentry"],"_links":{"self":[{"href":"https:\/\/goforbundet.se\/sgf\/index.php\/wp-json\/wp\/v2\/pages\/595","targetHints":{"allow":["GET"]}}],"collection":[{"href":"https:\/\/goforbundet.se\/sgf\/index.php\/wp-json\/wp\/v2\/pages"}],"about":[{"href":"https:\/\/goforbundet.se\/sgf\/index.php\/wp-json\/wp\/v2\/types\/page"}],"author":[{"embeddable":true,"href":"https:\/\/goforbundet.se\/sgf\/index.php\/wp-json\/wp\/v2\/users\/1"}],"replies":[{"embeddable":true,"href":"https:\/\/goforbundet.se\/sgf\/index.php\/wp-json\/wp\/v2\/comments?post=595"}],"version-history":[{"count":1,"href":"https:\/\/goforbundet.se\/sgf\/index.php\/wp-json\/wp\/v2\/pages\/595\/revisions"}],"predecessor-version":[{"id":596,"href":"https:\/\/goforbundet.se\/sgf\/index.php\/wp-json\/wp\/v2\/pages\/595\/revisions\/596"}],"up":[{"embeddable":true,"href":"https:\/\/goforbundet.se\/sgf\/index.php\/wp-json\/wp\/v2\/pages\/84"}],"wp:attachment":[{"href":"https:\/\/goforbundet.se\/sgf\/index.php\/wp-json\/wp\/v2\/media?parent=595"}],"curies":[{"name":"wp","href":"https:\/\/api.w.org\/{rel}","templated":true}]}}