{"id":597,"date":"2025-08-31T10:44:23","date_gmt":"2025-08-31T08:44:23","guid":{"rendered":"https:\/\/goforbundet.se\/sgf\/?page_id=597"},"modified":"2025-08-31T10:44:28","modified_gmt":"2025-08-31T08:44:28","slug":"vm-i-par-go","status":"publish","type":"page","link":"https:\/\/goforbundet.se\/sgf\/index.php\/tavla-for-sverige\/vm-i-par-go\/","title":{"rendered":"VM i Par-go"},"content":{"rendered":"<p>Varje \u00e5r spelas VM i Par-go, vanligtvis i Japan. Svenska Gof\u00f6rbundet kan, om vi placerat oss tillr\u00e4ckligt bra j\u00e4mf\u00f6rt med andra europeiska l\u00e4nder under \u00e5ret, utse en man och en kvinna varje \u00e5r f\u00f6r att representera Sverige i VM i Par-go. Sveriges representanter till Par-VM v\u00e4ljs enligt reglerna som finns i<a href=\"https:\/\/goforbundet.se\/sgf\/index.php\/om-forbundet\/stadgar-och-reglemente\/\">\u00a0Svenska Gof\u00f6rbundets reglemente<\/a>. Listan \u00f6ver nuvarande Par-VM-po\u00e4ng\u00a0<a href=\"http:\/\/goforbundet.se\/vmpar\/\">finns h\u00e4r<\/a>.<\/p>\n<h2>Resultat fr\u00e5n VM i Par-Go<\/h2>\n<p>Nedan finns en tabell \u00f6ver Sveriges resultat i par-VM genom tiderna.<\/p>\n<table border=\"1\" cellspacing=\"1\" cellpadding=\"1\">\n<caption><strong>Sveriges resultat i par-VM<\/strong><\/caption>\n<tbody>\n<tr>\n<td><strong>\u00c5r \/ nr<\/strong><\/td>\n<td><strong>Par<\/strong><\/td>\n<td><strong>Placering<\/strong><\/td>\n<td><strong>Spelplats<\/strong><\/td>\n<td><strong>Kommentar<\/strong><\/td>\n<\/tr>\n<tr>\n<td>2022 \/ 32<\/td>\n<td>Anton Silfver 2D &amp; Lova W\u00e5hlin 2D<\/td>\n<td><a href=\"https:\/\/www.pairgo.or.jp\/amateur\/32nd\/players\/results_e.php\">22 \/ 32<\/a><\/td>\n<td>Tokyo<\/td>\n<td><\/td>\n<\/tr>\n<tr>\n<td>2021 &#8211;<\/td>\n<td>&#8211;<\/td>\n<td>&#8211;<\/td>\n<td>&#8211;<\/td>\n<td>covid-19<\/td>\n<\/tr>\n<tr>\n<td>2020 \/ 31<\/td>\n<td>&#8211;<\/td>\n<td><a href=\"https:\/\/www.pairgo.or.jp\/amateur\/31st\/players\/results_e.php\">&#8211; \/ 32<\/a><\/td>\n<td><\/td>\n<td>Ingen rep.<\/td>\n<\/tr>\n<tr>\n<td>2019 \/ 30<\/td>\n<td>&#8211;<\/td>\n<td><a href=\"https:\/\/www.pairgo.or.jp\/amateur\/30th\/players\/results_e.php\">&#8211; \/ 32<\/a><\/td>\n<td><\/td>\n<td>Ingen rep.<\/td>\n<\/tr>\n<tr>\n<td>2018 \/ 29<\/td>\n<td>&#8211;<\/td>\n<td><a href=\"https:\/\/www.pairgo.or.jp\/amateur\/29th\/players\/results_e.htm\">&#8211; \/ 32<\/a><\/td>\n<td><\/td>\n<td>Ingen rep.<\/td>\n<\/tr>\n<tr>\n<td>2017 \/ 28<\/td>\n<td>&#8211;<\/td>\n<td><a href=\"https:\/\/www.pairgo.or.jp\/amateur\/28th\/players\/results_e.htm\">&#8211; \/ 32<\/a><\/td>\n<td><\/td>\n<td>Ingen rep.<\/td>\n<\/tr>\n<tr>\n<td>2016 \/ 27<\/td>\n<td>Martin Li 4D &amp; Liya Sang 6K<\/td>\n<td><a href=\"https:\/\/www.pairgo.or.jp\/amateur\/27th\/players\/results_e.htm\">26 \/ 32<\/a><\/td>\n<td>Tokyo<\/td>\n<td><\/td>\n<\/tr>\n<tr>\n<td>2015 \/ 26<\/td>\n<td>&#8211;<\/td>\n<td><a href=\"https:\/\/www.pairgo.or.jp\/amateur\/26th\/players\/results_e.htm\">&#8211; \/ 32<\/a><\/td>\n<td><\/td>\n<td>Ingen rep.<\/td>\n<\/tr>\n<tr>\n<td>2014 \/ 25<\/td>\n<td>&#8211;<\/td>\n<td><a href=\"https:\/\/www.pairgo.or.jp\/amateur\/25th\/players\/results_e.htm\">&#8211; \/ 32<\/a><\/td>\n<td><\/td>\n<td>Ingen rep.<\/td>\n<\/tr>\n<tr>\n<td>2013 \/ 24<\/td>\n<td>&#8211;<\/td>\n<td><a href=\"https:\/\/www.pairgo.or.jp\/amateur\/24th\/players\/results_e.htm\">&#8211; \/ 32<\/a><\/td>\n<td><\/td>\n<td>Ingen rep.<\/td>\n<\/tr>\n<tr>\n<td>2012 \/ 23<\/td>\n<td>&#8211;<\/td>\n<td><a href=\"https:\/\/www.pairgo.or.jp\/amateur\/23rd\/players\/results_e.htm\">&#8211; \/ 32<\/a><\/td>\n<td><\/td>\n<td>Ingen rep.<\/td>\n<\/tr>\n<tr>\n<td>2011 \/ 22<\/td>\n<td>&#8211;<\/td>\n<td><a href=\"https:\/\/www.pairgo.or.jp\/amateur\/22nd\/players\/results_e.htm\">&#8211; \/ 32<\/a><\/td>\n<td><\/td>\n<td>Ingen rep.<\/td>\n<\/tr>\n<tr>\n<td>2010 \/ 21<\/td>\n<td>Charlie \u00c5kerblom 4D &amp; Kerstin Bergstr\u00f6m 1K<\/td>\n<td><a href=\"https:\/\/www.pairgo.or.jp\/amateur\/21st\/players\/results_e.htm\">22 \/ 32<\/a><\/td>\n<td>Tokyo<\/td>\n<td><\/td>\n<\/tr>\n<tr>\n<td>2009 \/ 20<\/td>\n<td>&#8211;<\/td>\n<td><a href=\"https:\/\/www.pairgo.or.jp\/amateur\/20th\/players\/results_e.htm\">&#8211; \/ 32<\/a><\/td>\n<td><\/td>\n<td>Ingen rep.<\/td>\n<\/tr>\n<tr>\n<td>2008 \/ 19<\/td>\n<td>&#8211;<\/td>\n<td><a href=\"https:\/\/www.pairgo.or.jp\/amateur\/19th\/players\/results_e.htm\">&#8211; \/ 10<\/a><\/td>\n<td>Tokyo<\/td>\n<td>Endast Japan<\/td>\n<\/tr>\n<tr>\n<td>2007 \/ 18<\/td>\n<td>&#8211;<\/td>\n<td><a href=\"https:\/\/www.pairgo.or.jp\/amateur\/18th\/players\/results_e.htm\">&#8211; \/ 32<\/a><\/td>\n<td><\/td>\n<td>Ingen rep.<\/td>\n<\/tr>\n<tr>\n<td>2006 \/ 17<\/td>\n<td>Charlie \u00c5kerblom 1D &amp; Kerstin Bergstr\u00f6m 2K<\/td>\n<td><a href=\"https:\/\/www.pairgo.or.jp\/amateur\/17th\/players\/results_e.htm\">27 \/ 32<\/a><\/td>\n<td>Tokyo<\/td>\n<td><\/td>\n<\/tr>\n<tr>\n<td>2005 \/ 16<\/td>\n<td>&#8211;<\/td>\n<td><a href=\"https:\/\/www.pairgo.or.jp\/amateur\/16th\/players\/results_e.htm\">&#8211; \/ 32<\/a><\/td>\n<td><\/td>\n<td>Ingen rep.<\/td>\n<\/tr>\n<tr>\n<td>2004 \/ 15<\/td>\n<td>&#8211;<\/td>\n<td><a href=\"https:\/\/www.pairgo.or.jp\/amateur\/15th\/players\/results_e.htm\">&#8211; \/ 32<\/a><\/td>\n<td><\/td>\n<td>Ingen rep.<\/td>\n<\/tr>\n<tr>\n<td>2003 \/ 14<\/td>\n<td>Carl-Johan Ragnarsson &amp; Kerstin Bergstr\u00f6m<\/td>\n<td><a href=\"https:\/\/www.pairgo.or.jp\/amateur\/14th\/htm\/results.htm\">18 \/ 32<\/a><\/td>\n<td>Tokyo<\/td>\n<td><\/td>\n<\/tr>\n<tr>\n<td>2002 \/ 13<\/td>\n<td>&#8211;<\/td>\n<td><a href=\"https:\/\/www.pairgo.or.jp\/amateur\/13th\/htm\/resultse.htm\">&#8211; \/ 32<\/a><\/td>\n<td><\/td>\n<td>Ingen rep.<\/td>\n<\/tr>\n<tr>\n<td>2001 \/ 12<\/td>\n<td>&#8211;<\/td>\n<td><a href=\"https:\/\/www.pairgo.or.jp\/amateur\/12th\/e\/players.htm\">&#8211; \/ 33<\/a><\/td>\n<td><\/td>\n<td>Ingen rep.<\/td>\n<\/tr>\n<tr>\n<td>2000 \/ 11<\/td>\n<td>&#8211;<\/td>\n<td><a href=\"https:\/\/www.pairgo.or.jp\/amateur\/11th\/htm\/resultse.htm\">&#8211; \/ 32<\/a><\/td>\n<td><\/td>\n<td>Ingen rep.<\/td>\n<\/tr>\n<tr>\n<td>1999 \/ 10<\/td>\n<td>&#8211;<\/td>\n<td><a href=\"https:\/\/www.pairgo.or.jp\/amateur\/10th\/htm\/resultse.htm\">&#8211; \/ 32<\/a><\/td>\n<td><\/td>\n<td>Ingen rep.<\/td>\n<\/tr>\n<tr>\n<td>1998 \/ 9<\/td>\n<td>&#8211;<\/td>\n<td><a href=\"https:\/\/www.pairgo.or.jp\/amateur\/9th\/htm-e\/index.htm\">&#8211; \/ 32<\/a><\/td>\n<td><\/td>\n<td>Ingen rep.<\/td>\n<\/tr>\n<tr>\n<td>1997 \/ 8<\/td>\n<td>&#8211;<\/td>\n<td><a href=\"https:\/\/www.pairgo.or.jp\/amateur\/8th\/htm-e\/index.htm\">&#8211; \/ 32<\/a><\/td>\n<td><\/td>\n<td>Ingen rep.<\/td>\n<\/tr>\n<tr>\n<td>1996 \/ 7<\/td>\n<td>Ok\u00e4nt, men Sverige n\u00e4mns i deltagarlistan<\/td>\n<td><a href=\"https:\/\/www.pairgo.or.jp\/amateur\/7th\/7ama0.htm\">? \/ 32<\/a><\/td>\n<td><\/td>\n<td><\/td>\n<\/tr>\n<tr>\n<td>1995 \/ 6<\/td>\n<td>&#8211;<\/td>\n<td><a href=\"https:\/\/www.pairgo.or.jp\/topics-e\/6ama0.htm\">&#8211; \/ 32<\/a><\/td>\n<td><\/td>\n<td>Ingen rep.<\/td>\n<\/tr>\n<tr>\n<td>1994 \/ 5<\/td>\n<td><\/td>\n<td><a href=\"https:\/\/www.pairgo.or.jp\/topics-e\/5ama1.htm\">&#8211; \/ 32<\/a><\/td>\n<td><\/td>\n<td>Ingen rep.<\/td>\n<\/tr>\n<tr>\n<td>1993 \/ 4<\/td>\n<td><\/td>\n<td><a href=\"https:\/\/www.pairgo.or.jp\/db-e\/db1_4.htm\">&#8211; \/ 32<\/a><\/td>\n<td><\/td>\n<td>Ingen rep.<\/td>\n<\/tr>\n<tr>\n<td>1992 \/ 3<\/td>\n<td><\/td>\n<td><a href=\"https:\/\/www.pairgo.or.jp\/db-e\/db1_3.htm\">&#8211; \/ 32<\/a><\/td>\n<td><\/td>\n<td>Ingen rep.<\/td>\n<\/tr>\n<tr>\n<td>1991 \/ 2<\/td>\n<td><\/td>\n<td><a href=\"https:\/\/www.pairgo.or.jp\/db-e\/db1_2.htm\">&#8211; \/ 32<\/a><\/td>\n<td><\/td>\n<td>Ingen rep.<\/td>\n<\/tr>\n<tr>\n<td>1990 \/ 1<\/td>\n<td><\/td>\n<td><a href=\"https:\/\/www.pairgo.or.jp\/db-e\/db1_1.htm\">&#8211; \/ 32<\/a><\/td>\n<td><\/td>\n<td>Ingen rep.<\/td>\n<\/tr>\n<\/tbody>\n<\/table>\n","protected":false},"excerpt":{"rendered":"<p>Varje \u00e5r spelas VM i Par-go, vanligtvis i Japan. Svenska Gof\u00f6rbundet kan, om vi placerat oss tillr\u00e4ckligt bra j\u00e4mf\u00f6rt med [&hellip;]<\/p>\n","protected":false},"author":1,"featured_media":0,"parent":84,"menu_order":0,"comment_status":"closed","ping_status":"closed","template":"","meta":{"site-sidebar-layout":"default","site-content-layout":"","ast-site-content-layout":"default","site-content-style":"default","site-sidebar-style":"default","ast-global-header-display":"","ast-banner-title-visibility":"","ast-main-header-display":"","ast-hfb-above-header-display":"","ast-hfb-below-header-display":"","ast-hfb-mobile-header-display":"","site-post-title":"","ast-breadcrumbs-content":"","ast-featured-img":"","footer-sml-layout":"","ast-disable-related-posts":"","theme-transparent-header-meta":"default","adv-header-id-meta":"","stick-header-meta":"","header-above-stick-meta":"","header-main-stick-meta":"","header-below-stick-meta":"","astra-migrate-meta-layouts":"set","ast-page-background-enabled":"default","ast-page-background-meta":{"desktop":{"background-color":"var(--ast-global-color-5)","background-image":"","background-repeat":"repeat","background-position":"center center","background-size":"auto","background-attachment":"scroll","background-type":"","background-media":"","overlay-type":"","overlay-color":"","overlay-opacity":"","overlay-gradient":""},"tablet":{"background-color":"","background-image":"","background-repeat":"repeat","background-position":"center center","background-size":"auto","background-attachment":"scroll","background-type":"","background-media":"","overlay-type":"","overlay-color":"","overlay-opacity":"","overlay-gradient":""},"mobile":{"background-color":"","background-image":"","background-repeat":"repeat","background-position":"center center","background-size":"auto","background-attachment":"scroll","background-type":"","background-media":"","overlay-type":"","overlay-color":"","overlay-opacity":"","overlay-gradient":""}},"ast-content-background-meta":{"desktop":{"background-color":"var(--ast-global-color-4)","background-image":"","background-repeat":"repeat","background-position":"center center","background-size":"auto","background-attachment":"scroll","background-type":"","background-media":"","overlay-type":"","overlay-color":"","overlay-opacity":"","overlay-gradient":""},"tablet":{"background-color":"var(--ast-global-color-4)","background-image":"","background-repeat":"repeat","background-position":"center center","background-size":"auto","background-attachment":"scroll","background-type":"","background-media":"","overlay-type":"","overlay-color":"","overlay-opacity":"","overlay-gradient":""},"mobile":{"background-color":"var(--ast-global-color-4)","background-image":"","background-repeat":"repeat","background-position":"center center","background-size":"auto","background-attachment":"scroll","background-type":"","background-media":"","overlay-type":"","overlay-color":"","overlay-opacity":"","overlay-gradient":""}},"footnotes":""},"class_list":["post-597","page","type-page","status-publish","hentry"],"_links":{"self":[{"href":"https:\/\/goforbundet.se\/sgf\/index.php\/wp-json\/wp\/v2\/pages\/597","targetHints":{"allow":["GET"]}}],"collection":[{"href":"https:\/\/goforbundet.se\/sgf\/index.php\/wp-json\/wp\/v2\/pages"}],"about":[{"href":"https:\/\/goforbundet.se\/sgf\/index.php\/wp-json\/wp\/v2\/types\/page"}],"author":[{"embeddable":true,"href":"https:\/\/goforbundet.se\/sgf\/index.php\/wp-json\/wp\/v2\/users\/1"}],"replies":[{"embeddable":true,"href":"https:\/\/goforbundet.se\/sgf\/index.php\/wp-json\/wp\/v2\/comments?post=597"}],"version-history":[{"count":1,"href":"https:\/\/goforbundet.se\/sgf\/index.php\/wp-json\/wp\/v2\/pages\/597\/revisions"}],"predecessor-version":[{"id":598,"href":"https:\/\/goforbundet.se\/sgf\/index.php\/wp-json\/wp\/v2\/pages\/597\/revisions\/598"}],"up":[{"embeddable":true,"href":"https:\/\/goforbundet.se\/sgf\/index.php\/wp-json\/wp\/v2\/pages\/84"}],"wp:attachment":[{"href":"https:\/\/goforbundet.se\/sgf\/index.php\/wp-json\/wp\/v2\/media?parent=597"}],"curies":[{"name":"wp","href":"https:\/\/api.w.org\/{rel}","templated":true}]}}