{"id":601,"date":"2025-08-31T10:53:21","date_gmt":"2025-08-31T08:53:21","guid":{"rendered":"https:\/\/goforbundet.se\/sgf\/?page_id=601"},"modified":"2025-08-31T10:53:21","modified_gmt":"2025-08-31T08:53:21","slug":"resultat","status":"publish","type":"page","link":"https:\/\/goforbundet.se\/sgf\/index.php\/tavla-for-sverige\/resultat\/","title":{"rendered":"Resultat"},"content":{"rendered":"<p>Nedan finns ett antal l\u00e4nkar till olika turneringsresultat. Resultatlistor \u00e4r inte alltid enkla att tolka. En bra guide till hur man g\u00f6r finns l\u00e4ngst ner p\u00e5 denna sida.<\/p>\n<h1>Svenska turneringar<\/h1>\n<p>Resultat fr\u00e5n alla stora turneringar i Sverige rapporteras in i den Europeiska Go-databasen EGD. Aktuella turneringsresultat hittas enklast genom att f\u00f6lja\u00a0<a href=\"http:\/\/www.europeangodatabase.eu\/EGD\/Find_Tournament.php\">denna l\u00e4nk till EGD<\/a>\u00a0f\u00f6r att s\u00f6ka p\u00e5 turneringar och sedan v\u00e4lja &#8221;Country: Sweden&#8221; f\u00f6r att f\u00e5 alla svenska turneringar. De senaste resultaten sorteras d\u00e5 h\u00f6gst upp.<\/p>\n<h2>Svenska m\u00e4stare genom tiderna<\/h2>\n<p>En lista \u00f6ver alla som vunnit SM finns p\u00e5\u00a0<a href=\"https:\/\/goforbundet.se\/sgf\/index.php\/go-i-sverige\/svenska-masterskapen-i-go\/\">denna sida<\/a>.<\/p>\n<h1>Internationella turneringar<\/h1>\n<p>I stort sett alla resultat fr\u00e5n stora turneringar i Europa rapporteras in i den Europeiska Go-databasen EGD. Aktuella turneringsresultat hittas enklast genom att f\u00f6lja\u00a0<a href=\"http:\/\/www.europeangodatabase.eu\/EGD\/Find_Tournament.php\">denna l\u00e4nk till EGD<\/a>\u00a0och s\u00f6ka p\u00e5 den turnering ni letar efter. Vem som representerat Sverige i Amat\u00f6r-VM (WAGC)\u00a0<a href=\"https:\/\/weirdo.se\/wagc\">finns h\u00e4r<\/a>, &#8221;Korean Prime Minister&#8217;s Cup&#8221; (KPMC)\u00a0<a href=\"https:\/\/weirdo.se\/kpmc\">finns h\u00e4r<\/a>. Resultat fr\u00e5n amat\u00f6r-VM i Par-go\u00a0<a href=\"https:\/\/weirdo.se\/pargovm\">finns h\u00e4r<\/a>.<\/p>\n<h2>Nordiska m\u00e4sterskapen<\/h2>\n<p>Varje \u00e5r anordnas de nordiska m\u00e4sterskapen, en t\u00e4vling som flyttar runt mellan olika nordiska l\u00e4nder. En lista \u00f6ver alla vinnare genom tiderna finns p\u00e5\u00a0<a href=\"https:\/\/weirdo.se\/node\/24\">denna sida<\/a>.<\/p>\n<h1 class=\"page-title\">Att tolka resultatlistan i en MacMahon-turnering<\/h1>\n<p><em>Skrivet av Mattias Svanstr\u00f6m, 2004-08-30<\/em><\/p>\n<p>Det \u00e4r inte alltid helt l\u00e4tt att som nykomling p\u00e5 en goturnering h\u00e4nga med i alla termer och f\u00f6rst\u00e5 hur turneringssystemet fungerar. I ett f\u00f6rs\u00f6k att f\u00f6rklara n\u00e5got av vad som h\u00e4nder ska vi studera en del av resultatlistan p\u00e5 SM 2004.<\/p>\n<p><img decoding=\"async\" src=\"http:\/\/sgf.goforbundet.se\/sites\/sgf.goforbundet.se\/files\/lista.png\" alt=\"\" \/><img loading=\"lazy\" decoding=\"async\" class=\"alignnone size-full wp-image-604\" src=\"https:\/\/goforbundet.se\/sgf\/wp-content\/uploads\/2025\/08\/lista.png\" alt=\"\" width=\"631\" height=\"670\" srcset=\"https:\/\/goforbundet.se\/sgf\/wp-content\/uploads\/2025\/08\/lista.png 631w, https:\/\/goforbundet.se\/sgf\/wp-content\/uploads\/2025\/08\/lista-283x300.png 283w\" sizes=\"auto, (max-width: 631px) 100vw, 631px\" \/><\/p>\n<p>Resultatlistan inneh\u00e5ller ett antal kolumner. I tur och ordning: placering, namn, rank, klubb, MacMahonpo\u00e4ng (MMS=MacMahon Score), resultat och motst\u00e5ndare i de olika ronderna (i detta fallet spelades sex ronder), po\u00e4ng (Pt=points), och slutligen en s\u00e4rskiljare (i detta fallet en kolumn SOS=Sum of Opponents&#8217; Scores). Beklagligt nog hittar jag ingen b\u00e4ttre \u00f6vers\u00e4ttning av orden &#8221;Score&#8221; och &#8221;Points&#8221; \u00e4n &#8221;Po\u00e4ng&#8221; f\u00f6r b\u00e5da, s\u00e5 det \u00e4r upplagt f\u00f6r f\u00f6rvirring. Jag kommer d\u00e4rf\u00f6r att anv\u00e4nda termen MMS f\u00f6r MacMahonpo\u00e4ngen.<\/p>\n<p><img decoding=\"async\" src=\"http:\/\/sgf.goforbundet.se\/sites\/sgf.goforbundet.se\/files\/lista1-2.png\" alt=\"\" \/><img loading=\"lazy\" decoding=\"async\" class=\"alignnone size-full wp-image-602\" src=\"https:\/\/goforbundet.se\/sgf\/wp-content\/uploads\/2025\/08\/lista1.png\" alt=\"\" width=\"631\" height=\"142\" srcset=\"https:\/\/goforbundet.se\/sgf\/wp-content\/uploads\/2025\/08\/lista1.png 631w, https:\/\/goforbundet.se\/sgf\/wp-content\/uploads\/2025\/08\/lista1-300x68.png 300w\" sizes=\"auto, (max-width: 631px) 100vw, 631px\" \/><\/p>\n<p>Namn, klubb och rank \u00e4r sj\u00e4lvf\u00f6rklarande. Kolumnerna som behandlar resultat och motst\u00e5ndare i de olika ronderna best\u00e5r f\u00f6r en given spelare av en siffra och ett plus eller ett minus. Siffran talar om vilken motst\u00e5ndaren var, plus betecknar vinst och minus betecknar f\u00f6rlust. V\u00e5r turneringsvinnare har s\u00e5ledes spelat mot spelarna p\u00e5 plats 2-7 och vunnit mot samtliga. Andraplatstagaren har spelat mot spelare p\u00e5 plats 1, 3-4 och 6-8, med f\u00f6rlust mot spelare 1 och 3. Under en turnerings g\u00e5ng kommer ofta delresultatlistor upp, och allteftersom spelarnas placering \u00e4ndras s\u00e5 uppdateras f\u00f6rst\u00e5s siffrorna i tidigare resultatkolumner s\u00e5 att de hela tiden pekar p\u00e5 motst\u00e5ndarens placering. Lottningsprogrammet sk\u00f6ter detta automatiskt \u00e5t turneringsarrang\u00f6ren.<\/p>\n<p><img decoding=\"async\" src=\"http:\/\/sgf.goforbundet.se\/sites\/sgf.goforbundet.se\/files\/lista30.png\" alt=\"\" \/><img loading=\"lazy\" decoding=\"async\" class=\"alignnone size-full wp-image-606\" src=\"https:\/\/goforbundet.se\/sgf\/wp-content\/uploads\/2025\/08\/lista30.png\" alt=\"\" width=\"631\" height=\"40\" srcset=\"https:\/\/goforbundet.se\/sgf\/wp-content\/uploads\/2025\/08\/lista30.png 631w, https:\/\/goforbundet.se\/sgf\/wp-content\/uploads\/2025\/08\/lista30-300x19.png 300w\" sizes=\"auto, (max-width: 631px) 100vw, 631px\" \/><\/p>\n<p>Vi ser att spelare 30 var tvungen att l\u00e4mna turneringen lite tidigare och har talat om det f\u00f6r arrang\u00f6rerna. Han spelade d\u00e4rf\u00f6r inte rond 6 och har d\u00e4rf\u00f6r &#8212; som resultat. Det \u00e4r l\u00e4mpligt att alltid anm\u00e4la till arrang\u00f6rerna om man inte kan vara med i en rond s\u00e5 att man kan plockas bort fr\u00e5n lottningen. (Dessutom vill inte spelare i allm\u00e4nhet \u00e5ka till en turnering f\u00f6r att lottas mot en spelare som inte dyker upp). Po\u00e4ngkolumnen Pt \u00e4r sedan en sammanr\u00e4kning av antalet vunna partier.<\/p>\n<p><img loading=\"lazy\" decoding=\"async\" class=\"alignnone size-full wp-image-603\" src=\"https:\/\/goforbundet.se\/sgf\/wp-content\/uploads\/2025\/08\/lista1-2.png\" alt=\"\" width=\"631\" height=\"58\" srcset=\"https:\/\/goforbundet.se\/sgf\/wp-content\/uploads\/2025\/08\/lista1-2.png 631w, https:\/\/goforbundet.se\/sgf\/wp-content\/uploads\/2025\/08\/lista1-2-300x28.png 300w\" sizes=\"auto, (max-width: 631px) 100vw, 631px\" \/><\/p>\n<p>Placeringen i turneringen avg\u00f6rs slutligen av spelarnas MMS. Spelare med samma MMS s\u00e4rskiljs p\u00e5 grundval av deras SOS. Vi ser att resultatlistan \u00e4r ordnad i fallande MMS-ordning och att spelare med samma MMS \u00e4r ordnade i fallande SOS-ordning. (Jag har ingen aning om varf\u00f6r den som gjorde lottningsprogrammet valt att skriva placering f\u00f6rst, MMS i mitten och SOS sist av kolumnerna).<\/p>\n<p><img loading=\"lazy\" decoding=\"async\" class=\"alignnone size-full wp-image-605\" src=\"https:\/\/goforbundet.se\/sgf\/wp-content\/uploads\/2025\/08\/lista5k-3k1d-5d.png\" alt=\"\" width=\"631\" height=\"159\" srcset=\"https:\/\/goforbundet.se\/sgf\/wp-content\/uploads\/2025\/08\/lista5k-3k1d-5d.png 631w, https:\/\/goforbundet.se\/sgf\/wp-content\/uploads\/2025\/08\/lista5k-3k1d-5d-300x76.png 300w\" sizes=\"auto, (max-width: 631px) 100vw, 631px\" \/><\/p>\n<p>En spelares MMS \u00e4r summan av dennes po\u00e4ng (antalet vunna partier) och en startpo\u00e4ng som best\u00e4ms av ranken. Vilken startpo\u00e4ng en given rank ska motsvara best\u00e4ms av arrang\u00f6ren. I de flesta turneringar i Sverige motsvaras ett steg b\u00e4ttre rank av en po\u00e4ng extra i startpo\u00e4ng, men det har \u00e4ven h\u00e4nt att flera ranker slagits samman till samma startpo\u00e4ng. Startpo\u00e4ngen b\u00f6rjar ofta p\u00e5 0 eller 1 f\u00f6r de spelare som har den svagaste ranken och \u00f6kar sedan med \u00f6kande rank. Men den kan b\u00f6rja p\u00e5 vilket tal som helst, \u00e4ven negativa s\u00e5dana, utan att det p\u00e5verkar turneringssystemet. Ranker som ingen spelare i turneringen har hoppas ofta \u00f6ver, s\u00e5 att om de svagast rankade spelarna i en turnering \u00e4r till exempel 25k, 24k, 20k respektive 19k s\u00e5 f\u00e5r de 0, 1, 2 respektive 3 startpo\u00e4ng. Eftersom placeringen i turneringen allts\u00e5 huvudsakligen best\u00e4ms av summan av antalet vunna partier och startpo\u00e4ngen kan inte svagt rankade spelare vinna turneringen i denna turneringsform. F\u00f6r att f\u00e5 en intressant turnering och att inte segern direkt ska g\u00e5 till den h\u00f6gst rankade spelaren finns d\u00e4rf\u00f6r en MacMahonribba. Det inneb\u00e4r att spelare som \u00e4r starkare rankade \u00e4n MacMahonribban f\u00e5r samma startpo\u00e4ng i syfte att g\u00f6ra turneringen mindre beroende av rank i toppen.<\/p>\n<p><img decoding=\"async\" src=\"http:\/\/sgf.goforbundet.se\/sites\/sgf.goforbundet.se\/files\/lista5k-3k1d-5d.png\" alt=\"\" \/><\/p>\n<p>F\u00f6r v\u00e5r turnering ser vi till exempel att 5k motsvarade 9 startpo\u00e4ng, 4k fick 10 startpo\u00e4ng och 3k fick 11 startpo\u00e4ng. Vi ser \u00e4ven att 1d fick 14 startpo\u00e4ng medan 2d till 5d fick 15 startpo\u00e4ng.<\/p>\n<p>&nbsp;<\/p>\n<p>En spelares SOS \u00e4r summan av motst\u00e5ndarnas MMS. F\u00f6r vinnaren i v\u00e5r turnering ser vi att motst\u00e5ndarna i de olika ronderna slutade p\u00e5 19, 18, 19, 19, 19, och 18 po\u00e4ng, vilket ger honom en SOS p\u00e5 112. Tanken med att anv\u00e4nda SOS som s\u00e4rskiljare \u00e4r att, ist\u00e4llet f\u00f6r att dela p\u00e5 m\u00e5nga platser, det kan finnas visst fog f\u00f6r att en spelare som f\u00e5tt en viss MMS genom att m\u00f6ta h\u00e5rdare motst\u00e5nd (m\u00e4tt i motst\u00e5ndarnas uppn\u00e5dda MMS) kan ges en b\u00e4ttre placering \u00e4n en spelare som uppn\u00e5tt samma MMS, men gjort det mot lite l\u00e4ttare motst\u00e5nd.<\/p>\n<p>En spelare som inte spelar i en viss rond f\u00e5r en halv po\u00e4ng f\u00f6r detta till sin MMS. Motiveringen till detta \u00e4r att spelare som tidigare m\u00f6tt denne inte ska straffas on\u00f6digt h\u00e5rt med l\u00e4gre SOS f\u00f6r sin &#8221;otur&#8221; att ha lottats mot denne.<\/p>\n<p>Det finns \u00e4ven ytterligare s\u00e4rskiljare f\u00f6r att separera spelare som har samma MMS och samma SOS. Exempel p\u00e5 s\u00e5dana s\u00e4rskiljare \u00e4r SOSOS (Sum of Opponents&#8217; SOS) och SODOS (Sum of Defeated Opponents&#8217; Scores). Relevansen hos dessa \u00e4r omdiskuterad och i svenska turneringar anv\u00e4nds de oftast inte, utan spelare med samma MMS och samma SOS delar sin placering.<\/p>\n","protected":false},"excerpt":{"rendered":"<p>Nedan finns ett antal l\u00e4nkar till olika turneringsresultat. Resultatlistor \u00e4r inte alltid enkla att tolka. En bra guide till hur [&hellip;]<\/p>\n","protected":false},"author":1,"featured_media":0,"parent":84,"menu_order":0,"comment_status":"closed","ping_status":"closed","template":"","meta":{"site-sidebar-layout":"default","site-content-layout":"","ast-site-content-layout":"default","site-content-style":"default","site-sidebar-style":"default","ast-global-header-display":"","ast-banner-title-visibility":"","ast-main-header-display":"","ast-hfb-above-header-display":"","ast-hfb-below-header-display":"","ast-hfb-mobile-header-display":"","site-post-title":"","ast-breadcrumbs-content":"","ast-featured-img":"","footer-sml-layout":"","ast-disable-related-posts":"","theme-transparent-header-meta":"default","adv-header-id-meta":"","stick-header-meta":"","header-above-stick-meta":"","header-main-stick-meta":"","header-below-stick-meta":"","astra-migrate-meta-layouts":"set","ast-page-background-enabled":"default","ast-page-background-meta":{"desktop":{"background-color":"var(--ast-global-color-5)","background-image":"","background-repeat":"repeat","background-position":"center center","background-size":"auto","background-attachment":"scroll","background-type":"","background-media":"","overlay-type":"","overlay-color":"","overlay-opacity":"","overlay-gradient":""},"tablet":{"background-color":"","background-image":"","background-repeat":"repeat","background-position":"center center","background-size":"auto","background-attachment":"scroll","background-type":"","background-media":"","overlay-type":"","overlay-color":"","overlay-opacity":"","overlay-gradient":""},"mobile":{"background-color":"","background-image":"","background-repeat":"repeat","background-position":"center center","background-size":"auto","background-attachment":"scroll","background-type":"","background-media":"","overlay-type":"","overlay-color":"","overlay-opacity":"","overlay-gradient":""}},"ast-content-background-meta":{"desktop":{"background-color":"var(--ast-global-color-4)","background-image":"","background-repeat":"repeat","background-position":"center center","background-size":"auto","background-attachment":"scroll","background-type":"","background-media":"","overlay-type":"","overlay-color":"","overlay-opacity":"","overlay-gradient":""},"tablet":{"background-color":"var(--ast-global-color-4)","background-image":"","background-repeat":"repeat","background-position":"center center","background-size":"auto","background-attachment":"scroll","background-type":"","background-media":"","overlay-type":"","overlay-color":"","overlay-opacity":"","overlay-gradient":""},"mobile":{"background-color":"var(--ast-global-color-4)","background-image":"","background-repeat":"repeat","background-position":"center center","background-size":"auto","background-attachment":"scroll","background-type":"","background-media":"","overlay-type":"","overlay-color":"","overlay-opacity":"","overlay-gradient":""}},"footnotes":""},"class_list":["post-601","page","type-page","status-publish","hentry"],"_links":{"self":[{"href":"https:\/\/goforbundet.se\/sgf\/index.php\/wp-json\/wp\/v2\/pages\/601","targetHints":{"allow":["GET"]}}],"collection":[{"href":"https:\/\/goforbundet.se\/sgf\/index.php\/wp-json\/wp\/v2\/pages"}],"about":[{"href":"https:\/\/goforbundet.se\/sgf\/index.php\/wp-json\/wp\/v2\/types\/page"}],"author":[{"embeddable":true,"href":"https:\/\/goforbundet.se\/sgf\/index.php\/wp-json\/wp\/v2\/users\/1"}],"replies":[{"embeddable":true,"href":"https:\/\/goforbundet.se\/sgf\/index.php\/wp-json\/wp\/v2\/comments?post=601"}],"version-history":[{"count":1,"href":"https:\/\/goforbundet.se\/sgf\/index.php\/wp-json\/wp\/v2\/pages\/601\/revisions"}],"predecessor-version":[{"id":607,"href":"https:\/\/goforbundet.se\/sgf\/index.php\/wp-json\/wp\/v2\/pages\/601\/revisions\/607"}],"up":[{"embeddable":true,"href":"https:\/\/goforbundet.se\/sgf\/index.php\/wp-json\/wp\/v2\/pages\/84"}],"wp:attachment":[{"href":"https:\/\/goforbundet.se\/sgf\/index.php\/wp-json\/wp\/v2\/media?parent=601"}],"curies":[{"name":"wp","href":"https:\/\/api.w.org\/{rel}","templated":true}]}}