{"id":9,"date":"2025-08-29T15:14:23","date_gmt":"2025-08-29T15:14:23","guid":{"rendered":"https:\/\/goforbundet.se\/sgf\/?page_id=9"},"modified":"2025-09-06T17:04:23","modified_gmt":"2025-09-06T15:04:23","slug":"valkommen-till-svenska-goforbundet","status":"publish","type":"page","link":"https:\/\/goforbundet.se\/sgf\/","title":{"rendered":"V\u00e4lkommen"},"content":{"rendered":"\r\n<p><img loading=\"lazy\" decoding=\"async\" class=\" wp-image-13 alignright\" src=\"https:\/\/goforbundet.se\/sgf\/wp-content\/uploads\/2025\/08\/board_crop-1024x485.jpg\" alt=\"\" width=\"632\" height=\"299\" srcset=\"https:\/\/goforbundet.se\/sgf\/wp-content\/uploads\/2025\/08\/board_crop-1024x485.jpg 1024w, https:\/\/goforbundet.se\/sgf\/wp-content\/uploads\/2025\/08\/board_crop-300x142.jpg 300w, https:\/\/goforbundet.se\/sgf\/wp-content\/uploads\/2025\/08\/board_crop-768x364.jpg 768w, https:\/\/goforbundet.se\/sgf\/wp-content\/uploads\/2025\/08\/board_crop-1536x728.jpg 1536w, https:\/\/goforbundet.se\/sgf\/wp-content\/uploads\/2025\/08\/board_crop.jpg 2048w\" sizes=\"auto, (max-width: 632px) 100vw, 632px\" \/>Go \u00e4r ett flera tusen \u00e5r gammalt strategispel fr\u00e5n asien som trots mycket enkla regler har ett stort strategiskt djup. Tv\u00e5 spelare placerar svarta respektive vita stenar p\u00e5 sk\u00e4rningspunkterna i ett rutn\u00e4t med m\u00e5let att kontrollera en st\u00f6rre del av spelplanen \u00e4n motst\u00e5ndaren. Svenska Gof\u00f6rbundet \u00e4r en ideell f\u00f6rening med syfte att fr\u00e4mja intresset f\u00f6r br\u00e4dspelet <a href=\"https:\/\/goforbundet.se\/sgf\/index.php\/go-i-sverige\/\">go i Sverige<\/a>. Vi arrangerar t.ex. de\u00a0<a href=\"https:\/\/goforbundet.se\/sgf\/index.php\/go-i-sverige\/svenska-masterskapen-i-go\/\">Svenska m\u00e4sterskapen i Go<\/a>, utser representanter till\u00a0<a href=\"https:\/\/goforbundet.se\/sgf\/index.php\/tavla-for-sverige\/\">t\u00e4vlingar utomlands<\/a>, och representerar Sverige i kontakt med det\u00a0<a href=\"http:\/\/www.eurogofed.org\/\">Europeiska Gof\u00f6rbundet<\/a>\u00a0och det\u00a0<a href=\"http:\/\/intergofed.org\/\">Internationella Gof\u00f6rbundet<\/a>. Svenska gof\u00f6rbundet och gospelare i Sverige n\u00e5s enkelt via\u00a0<a href=\"https:\/\/weirdo.se\/node\/342\">discord, facebook eller e-post<\/a>. St\u00f6d oss g\u00e4rna\u00a0<a href=\"https:\/\/www.paypal.com\/donate\/?hosted_button_id=72FEG4QWNY5DJ\">via Paypal<\/a>.<\/p>\r\n<h3>Kommande go-events:<\/h3>\r\n\n<div class=\"evge-calendar-wrapper evge\" \n     data-current-month=\"2026-04\" \n     data-calendar-id=\"20\" \n     data-view=\"list\" \n     role=\"region\" \n     aria-label=\"Event Calendar\">\n\n            \n<form \n\tmethod=\"get\" \n\tclass=\"evge-filter-bar-form\" \n\taction=\"https:\/\/goforbundet.se\/sgf\/index.php\/events\/\">\n\t<div class=\"evge-calendar-filters\" role=\"search\">\n\t\t<div class=\"evge-filter-group\">\n\t\t\t<input \n\t\t\t\ttype=\"text\" \n\t\t\t\tclass=\"evge-search-input\" \n\t\t\t\tname=\"evge_search\" \n\t\t\t\tvalue=\"\"\n\t\t\t\tplaceholder=\"Search events\" \n\t\t\t\taria-label=\"Search events\">\n\n\t\t\t<select \n\t\t\t\tname=\"evge_venue_id\" \n\t\t\t\tclass=\"evge-venue-select\" \n\t\t\t\taria-label=\"Filter by venue\">\n\t\t\t\t<option value=\"\">All Venues<\/option>\n\t\t\t\t<option value=\"662\" >Vegagatan 20<\/option><option value=\"649\" >G\u00f6teborgs go-klubb<\/option>\t\t\t<\/select>\n\n\t\t\t<select \n\t\t\t\tname=\"evge_time_filter\" \n\t\t\t\tclass=\"evge-time-select\" \n\t\t\t\taria-label=\"Filter by time\">\n\t\t\t\t\t\t\t\t<option value=\"upcoming\"  selected='selected'>\n\t\t\t\t\tUpcoming\t\t\t\t<\/option>\n\t\t\t\t<option value=\"past\" >\n\t\t\t\t\tPast\t\t\t\t<\/option>\n\t\t\t<\/select>\n\t\t<\/div>\n\n\t\t<div class=\"evge-filter-group\">\n\t\t\t\t\t\t<select \n\t\t\t\tname=\"evge_view\" \n\t\t\t\tclass=\"evge-view-select\" \n\t\t\t\taria-label=\"Calendar view\">\n\t\t\t\t\t\t\t\t\t<option value=\"list\"  selected='selected'>\n\t\t\t\t\t\tList\t\t\t\t\t<\/option>\n\t\t\t\t\t\t\t\t\t<option value=\"grid\" >\n\t\t\t\t\t\tGrid\t\t\t\t\t<\/option>\n\t\t\t\t\t\t\t\t\t<option value=\"month\" >\n\t\t\t\t\t\tMonth\t\t\t\t\t<\/option>\n\t\t\t\t\t\t\t<\/select>\n\t\t<\/div>\n\t<\/div>\n<\/form>    \n    <div class=\"evge-calendar-dynamic-content\" role=\"main\">\n        \n<div class=\"evge-no-events-found\">\n\t<div class=\"evge-no-events-message\">\n\t\t\t\t\t<div class=\"evge-no-events-icon\">\n\t\t\t\t<svg width=\"48\" height=\"48\" viewBox=\"0 0 24 24\" fill=\"none\" xmlns=\"http:\/\/www.w3.org\/2000\/svg\"><path d=\"M8 2V5M16 2V5M3.5 9.09H20.5M21 8.5V17C21 20 19.5 22 16 22H8C4.5 22 3 20 3 17V8.5C3 5.5 4.5 3.5 8 3.5H16C19.5 3.5 21 5.5 21 8.5Z\" stroke=\"currentColor\" stroke-width=\"2\" stroke-miterlimit=\"10\" stroke-linecap=\"round\" stroke-linejoin=\"round\"\/><path d=\"M15.6949 13.7H15.7039M15.6949 16.7H15.7039M11.9955 13.7H12.0045M11.9955 16.7H12.0045M8.29431 13.7H8.30429M8.29431 16.7H8.30429\" stroke=\"currentColor\" stroke-width=\"2\" stroke-linecap=\"round\" stroke-linejoin=\"round\"\/><\/svg>\t\t\t<\/div>\n\n\t\t\t<h3>No Events Found<\/h3>\n\n\t\t\t<p class=\"evge-no-events-description\">\n\t\t\t\tThere are no events that fit your filters.\t\t\t<\/p>\n\n\t\t\t<div class=\"evge-no-events-actions\">\n\t\t\t\t<button class=\"evge-button evge-button-secondary evge-clear-filters\">\n\t\t\t\t\tClear Filters\t\t\t\t<\/button>\n\t\t\t\t<button class=\"evge-button evge-button-primary evge-view-all\">\n\t\t\t\t\tView All Events\t\t\t\t<\/button>\n\t\t\t<\/div>\n\t\t\t<\/div>\n<\/div>\n    <\/div>\n\n    <!-- Event Details Tooltip -->\n    <div class=\"evge-tooltipster-container\">\n        <div class=\"evge-event-tooltip\" role=\"tooltip\" aria-hidden=\"true\" style=\"display: none;\"><\/div>\n    <\/div>\n\n    <div class=\"evge-day-events-calendar\" role=\"dialog\" aria-modal=\"true\" aria-hidden=\"true\" style=\"display: none;\">\n    <\/div>\n\n<\/div>\r\n","protected":false},"excerpt":{"rendered":"<p>Go \u00e4r ett flera tusen \u00e5r gammalt strategispel fr\u00e5n asien som trots mycket enkla regler har ett stort strategiskt djup. [&hellip;]<\/p>\n","protected":false},"author":1,"featured_media":0,"parent":0,"menu_order":0,"comment_status":"closed","ping_status":"closed","template":"","meta":{"site-sidebar-layout":"default","site-content-layout":"","ast-site-content-layout":"default","site-content-style":"default","site-sidebar-style":"default","ast-global-header-display":"","ast-banner-title-visibility":"","ast-main-header-display":"","ast-hfb-above-header-display":"","ast-hfb-below-header-display":"","ast-hfb-mobile-header-display":"","site-post-title":"","ast-breadcrumbs-content":"","ast-featured-img":"","footer-sml-layout":"","ast-disable-related-posts":"","theme-transparent-header-meta":"default","adv-header-id-meta":"","stick-header-meta":"","header-above-stick-meta":"","header-main-stick-meta":"","header-below-stick-meta":"","astra-migrate-meta-layouts":"set","ast-page-background-enabled":"default","ast-page-background-meta":{"desktop":{"background-color":"var(--ast-global-color-5)","background-image":"","background-repeat":"repeat","background-position":"center center","background-size":"auto","background-attachment":"scroll","background-type":"","background-media":"","overlay-type":"","overlay-color":"","overlay-opacity":"","overlay-gradient":""},"tablet":{"background-color":"","background-image":"","background-repeat":"repeat","background-position":"center center","background-size":"auto","background-attachment":"scroll","background-type":"","background-media":"","overlay-type":"","overlay-color":"","overlay-opacity":"","overlay-gradient":""},"mobile":{"background-color":"","background-image":"","background-repeat":"repeat","background-position":"center center","background-size":"auto","background-attachment":"scroll","background-type":"","background-media":"","overlay-type":"","overlay-color":"","overlay-opacity":"","overlay-gradient":""}},"ast-content-background-meta":{"desktop":{"background-color":"var(--ast-global-color-4)","background-image":"","background-repeat":"repeat","background-position":"center center","background-size":"auto","background-attachment":"scroll","background-type":"","background-media":"","overlay-type":"","overlay-color":"","overlay-opacity":"","overlay-gradient":""},"tablet":{"background-color":"var(--ast-global-color-4)","background-image":"","background-repeat":"repeat","background-position":"center center","background-size":"auto","background-attachment":"scroll","background-type":"","background-media":"","overlay-type":"","overlay-color":"","overlay-opacity":"","overlay-gradient":""},"mobile":{"background-color":"var(--ast-global-color-4)","background-image":"","background-repeat":"repeat","background-position":"center center","background-size":"auto","background-attachment":"scroll","background-type":"","background-media":"","overlay-type":"","overlay-color":"","overlay-opacity":"","overlay-gradient":""}},"footnotes":""},"class_list":["post-9","page","type-page","status-publish","hentry"],"_links":{"self":[{"href":"https:\/\/goforbundet.se\/sgf\/index.php\/wp-json\/wp\/v2\/pages\/9","targetHints":{"allow":["GET"]}}],"collection":[{"href":"https:\/\/goforbundet.se\/sgf\/index.php\/wp-json\/wp\/v2\/pages"}],"about":[{"href":"https:\/\/goforbundet.se\/sgf\/index.php\/wp-json\/wp\/v2\/types\/page"}],"author":[{"embeddable":true,"href":"https:\/\/goforbundet.se\/sgf\/index.php\/wp-json\/wp\/v2\/users\/1"}],"replies":[{"embeddable":true,"href":"https:\/\/goforbundet.se\/sgf\/index.php\/wp-json\/wp\/v2\/comments?post=9"}],"version-history":[{"count":13,"href":"https:\/\/goforbundet.se\/sgf\/index.php\/wp-json\/wp\/v2\/pages\/9\/revisions"}],"predecessor-version":[{"id":619,"href":"https:\/\/goforbundet.se\/sgf\/index.php\/wp-json\/wp\/v2\/pages\/9\/revisions\/619"}],"wp:attachment":[{"href":"https:\/\/goforbundet.se\/sgf\/index.php\/wp-json\/wp\/v2\/media?parent=9"}],"curies":[{"name":"wp","href":"https:\/\/api.w.org\/{rel}","templated":true}]}}