{"id":17,"date":"2025-08-31T17:16:36","date_gmt":"2025-08-31T17:16:36","guid":{"rendered":"https:\/\/goforbundet.se\/stockholm\/?page_id=17"},"modified":"2025-08-31T17:16:36","modified_gmt":"2025-08-31T17:16:36","slug":"stadgar","status":"publish","type":"page","link":"https:\/\/goforbundet.se\/stockholm\/index.php\/stadgar\/","title":{"rendered":"Stadgar"},"content":{"rendered":"<div class=\"region region--content-above grid-full layout--pass--content-medium\">\n<div id=\"block-olivero-page-title\" class=\"block block-core block-page-title-block\">\n<h1 class=\"title page-title\">Stadgar f\u00f6r Stockholms go-klubb<\/h1>\n<\/div>\n<\/div>\n<div id=\"content\" class=\"region region--content grid-full layout--pass--content-medium\">\n<div id=\"block-olivero-content\" class=\"block block-system block-system-main-block\">\n<div class=\"block__content\">\n<article class=\"node node--type-page node--view-mode-full\" data-history-node-id=\"21\">\n<header class=\"\"><\/header>\n<div class=\"node__content\">\n<div class=\"text-content clearfix field field--name-body field--type-text-with-summary field--label-hidden field__item\">\n<p><em>(antagna 1975-01-22, \u00e4ndrade 1975-05-28, 1975-12-03, 1985-11-20, 2004-03-31 och 2015-02-26)<\/em><\/p>\n<h2>\u00a71 F\u00f6reningen<\/h2>\n<p>F\u00f6reningens namn \u00e4r Stockholms go-klubb<br \/>\nF\u00f6reningen har sitt s\u00e4te i Stockholm.<br \/>\nF\u00f6reningen \u00e4r en ideell f\u00f6rening som \u00e4r religi\u00f6st och partipolitiskt oberoende.<br \/>\nF\u00f6reningen \u00e4r ansluten till Sverok.<br \/>\nF\u00f6reningens syfte \u00e4r fr\u00e4mst att fr\u00e4mja spelande av br\u00e4dspelet Go.<br \/>\nF\u00f6reningen arbetar med likabehandling, f\u00f6r att alla medlemmar ska ha samma m\u00f6jligheter och f\u00f6ruts\u00e4ttningar f\u00f6r att delta i verksamheten och p\u00e5verka den.<br \/>\nF\u00f6reningens verksamhets\u00e5r \u00e4r 1 januari till 31 december.<\/p>\n<h2>\u00a72 Bli medlem<\/h2>\n<p>Alla personer som godk\u00e4nner f\u00f6reningens stadgar har r\u00e4tt att bli medlemmar.<br \/>\nMedlem blir den som i text har anm\u00e4lt medlemskap till f\u00f6reningen.<br \/>\n\u00c5rsm\u00f6tet kan best\u00e4mma att det \u00e4r gratis att vara medlem, eller att f\u00f6reningen ska ha en medlemsavgift. Om det finns en medlemsavgift, m\u00e5ste den vara inbetald f\u00f6r att en person ska r\u00e4knas som medlem.<\/p>\n<p>Medlemmar har r\u00e4tt att f\u00e5 information om f\u00f6reningen, delta och r\u00f6sta p\u00e5 \u00e5rsm\u00f6te och kunna v\u00e4ljas till styrelse eller valberedning. Medlemmar \u00e4r skyldiga att f\u00f6lja f\u00f6reningens stadgar och regler, h\u00e5lla sina kontaktuppgifter uppdaterade hos f\u00f6reningen och behandla andra medlemmar med respekt.<\/p>\n<h2>\u00a73 Sluta vara medlem<\/h2>\n<p>Medlemskapet g\u00e4ller till och med n\u00e4sta \u00e5rsm\u00f6te, men minst till och med verksamhets\u00e5rets slut.<br \/>\nEn medlem som vill g\u00e5 ur f\u00f6reningen tidigare ska meddela det i text till f\u00f6reningens styrelse. D\u00e5 r\u00e4knas inte personen som medlem l\u00e4ngre.<\/p>\n<p>En medlem som missk\u00f6ter sig kan bli avst\u00e4ngd av f\u00f6reningens styrelse. N\u00e4sta \u00e5rsm\u00f6te m\u00e5ste d\u00e5 besluta om medlemmen ska uteslutas eller inte. En avst\u00e4ngd medlem har r\u00e4tt att g\u00e5 p\u00e5 \u00e5rsm\u00f6tet, och f\u00e5r r\u00f6sta i fr\u00e5gan om sin uteslutning. Styrelsen och \u00e5rsm\u00f6tet kan h\u00e4va uteslutning och avst\u00e4ngning.<\/p>\n<h2>\u00a74 Styrelsen<\/h2>\n<p>Styrelsen har ansvar f\u00f6r f\u00f6reningens pengar, verksamhet, medlemslista, \u00e5rsm\u00f6te och f\u00f6r att det som best\u00e4ms p\u00e5 \u00e5rsm\u00f6tet blir gjort.<br \/>\nStyrelsen ska vara minst tre personer, d\u00e4r en \u00e4r ordf\u00f6rande. Styrelsen ska dela p\u00e5 ansvaret.<br \/>\nStyrelsen ska best\u00e4mma vilka i styrelsen som har r\u00e4tt att skriva avtal i f\u00f6reningens namn. De kallas f\u00f6r firmatecknare.<br \/>\nStyrelsen v\u00e4ljs p\u00e5 f\u00f6reningens \u00e5rsm\u00f6te, och tilltr\u00e4der s\u00e5 fort m\u00f6tet \u00e4r slut.<br \/>\nAlla som \u00e4r medlemmar i f\u00f6reningen kan v\u00e4ljas till styrelsen.<\/p>\n<h2>\u00a75 Revisorer<\/h2>\n<p>Revisorns uppgift \u00e4r att granska styrelsens arbete och redovisa det f\u00f6r n\u00e4sta \u00e5rsm\u00f6te.<br \/>\nF\u00f6reningen ska ha en eller tv\u00e5 revisorer.<br \/>\nDe som sitter i f\u00f6reningens styrelse kan inte v\u00e4ljas till revisor.<br \/>\nRevisorn m\u00e5ste inte vara medlem i f\u00f6reningen.<\/p>\n<h2>\u00a76 Valberedning<\/h2>\n<p>F\u00f6reningen kan ha en valberedning.<br \/>\nValberedningens uppgift \u00e4r att f\u00f6resl\u00e5 personer till personvalen p\u00e5 \u00e5rsm\u00f6tet.<br \/>\nAlla som \u00e4r medlemmar i f\u00f6reningen kan v\u00e4ljas till valberedning.<br \/>\nOm ingen valberedning v\u00e4ljs, ansvarar styrelsen f\u00f6r valberedningens uppgifter.<\/p>\n<h2>\u00a77 \u00c5rsm\u00f6te<\/h2>\n<p>\u00c5rsm\u00f6tet ska h\u00e5llas senast den 31 mars varje \u00e5r.<br \/>\nF\u00f6r att m\u00f6tet ska vara giltigt m\u00e5ste f\u00f6reningens medlemmar meddelas personligen minst tv\u00e5 veckor i f\u00f6rv\u00e4g. Medlemmarna ska f\u00e5 veta tid, plats och vad som ska tas upp p\u00e5 m\u00f6tet. Om alla medlemmar i f\u00f6reningen godk\u00e4nner det kan m\u00f6tet vara giltigt \u00e4ven om inbjudan kommit senare \u00e4n tv\u00e5 veckor innan m\u00f6tet.<\/p>\n<p>Detta ska alltid tas upp p\u00e5 ett ordinarie \u00e5rsm\u00f6te:<\/p>\n<p>) m\u00f6tets \u00f6ppnande<br \/>\n) beslut om m\u00f6tets giltighet<br \/>\n) val av m\u00f6tets ordf\u00f6rande<br \/>\n) val av m\u00f6tets sekreterare<br \/>\n) val av minst en person att granska protokollet efter m\u00f6tet<br \/>\n) styrelsens redovisning av f\u00f6rra \u00e5rets verksamhet<br \/>\n) styrelsens redovisning av f\u00f6rra \u00e5rets ekonomi<br \/>\n) revisorernas redovisning av styrelsens arbete f\u00f6rra \u00e5ret<br \/>\n) beslut om ansvarsfrihet f\u00f6r f\u00f6rra \u00e5rets styrelse<br \/>\n) f\u00f6rslag fr\u00e5n styrelse och medlemmar<br \/>\n) beslut om \u00e5rets verksamhetsplan<br \/>\n) beslut om \u00e5rets budget och eventuell medlemsavgift<br \/>\n) val av \u00e5rets styrelse<br \/>\n) val av \u00e5rets revisor<br \/>\n) val av \u00e5rets valberedare<br \/>\n) m\u00f6tets avslutande<\/p>\n<p>Om styrelsen, revisorn eller minst en fj\u00e4rdedel av f\u00f6reningens medlemmar vill, ska f\u00f6reningen h\u00e5lla ett extra \u00e5rsm\u00f6te. Det kan h\u00e5llas n\u00e4r som helst p\u00e5 \u00e5ret. Samma krav p\u00e5 giltighet g\u00e4ller f\u00f6r extra \u00e5rsm\u00f6te som f\u00f6r ordinarie. P\u00e5 ett extra \u00e5rsm\u00f6te kan bara det som st\u00e5r i inbjudan tas upp p\u00e5 m\u00f6tet.<\/p>\n<h2>\u00a78 Omr\u00f6stningar<\/h2>\n<p>Alla medlemmar som \u00e4r p\u00e5 \u00e5rsm\u00f6tet har en r\u00f6st var. I omr\u00f6stningar g\u00e4ller att f\u00f6rslaget som f\u00e5tt flest r\u00f6ster vinner. Om en omr\u00f6stning blir lika tv\u00e5 g\u00e5nger i rad, r\u00e4knas det som att f\u00f6rslaget inte g\u00e5r igenom. Om omr\u00f6stningen g\u00e4ller ett personval och resultatet blir lika tv\u00e5 g\u00e5nger i rad, f\u00e5r slumpen avg\u00f6ra. R\u00f6ster som inte \u00e4r f\u00f6r eller mot n\u00e5got f\u00f6rslag r\u00e4knas inte.<\/p>\n<p>Alla i styrelsen som deltar p\u00e5 ett styrelsem\u00f6te har r\u00f6str\u00e4tt. I omr\u00f6stningar g\u00e4ller att f\u00f6rslaget som f\u00e5tt flest r\u00f6ster vinner. Om en omr\u00f6stning blir lika tv\u00e5 g\u00e5nger i rad, r\u00e4knas det som att f\u00f6rslaget inte g\u00e5r igenom. R\u00f6ster som inte \u00e4r f\u00f6r eller mot n\u00e5got f\u00f6rslag r\u00e4knas inte.<\/p>\n<h2>\u00a79 \u00c4ndra stadgarna<\/h2>\n<p>F\u00f6reningens stadgar kan bara \u00e4ndras p\u00e5 ett \u00e5rsm\u00f6te, om f\u00f6rslaget p\u00e5 \u00e4ndring st\u00e5r med i inbjudan till m\u00f6tet. F\u00f6r att \u00e4ndringen ska g\u00e4lla, m\u00e5ste minst dubbelt s\u00e5 m\u00e5nga r\u00f6sta f\u00f6r \u00e4ndringen som de som r\u00f6star mot.<\/p>\n<h2>\u00a710 Nedl\u00e4ggning<\/h2>\n<p>\u00c5rsm\u00f6tet kan best\u00e4mma att f\u00f6reningen ska l\u00e4ggas ned. F\u00f6reningen l\u00e4ggs inte ned s\u00e5 l\u00e4nge det finns minst tre medlemmar som vill driva f\u00f6reningen. Om f\u00f6reningen l\u00e4ggs ned, ska alla f\u00f6reningens skulder betalas och konton avslutas. Om f\u00f6reningen har pengar eller saker kvar, ska dessa sk\u00e4nkas till en ideell f\u00f6rening med liknande syfte eller skickas tillbaka till Sverok.<\/p>\n<\/div>\n<\/div>\n<\/article>\n<\/div>\n<\/div>\n<\/div>\n","protected":false},"excerpt":{"rendered":"<p>Stadgar f\u00f6r Stockholms go-klubb (antagna 1975-01-22, \u00e4ndrade 1975-05-28, 1975-12-03, 1985-11-20, 2004-03-31 och 2015-02-26) \u00a71 F\u00f6reningen F\u00f6reningens namn \u00e4r Stockholms go-klubb [&hellip;]<\/p>\n","protected":false},"author":1,"featured_media":0,"parent":0,"menu_order":0,"comment_status":"closed","ping_status":"closed","template":"","meta":{"site-sidebar-layout":"default","site-content-layout":"","ast-site-content-layout":"default","site-content-style":"default","site-sidebar-style":"default","ast-global-header-display":"","ast-banner-title-visibility":"","ast-main-header-display":"","ast-hfb-above-header-display":"","ast-hfb-below-header-display":"","ast-hfb-mobile-header-display":"","site-post-title":"","ast-breadcrumbs-content":"","ast-featured-img":"","footer-sml-layout":"","theme-transparent-header-meta":"","adv-header-id-meta":"","stick-header-meta":"","header-above-stick-meta":"","header-main-stick-meta":"","header-below-stick-meta":"","astra-migrate-meta-layouts":"default","ast-page-background-enabled":"default","ast-page-background-meta":{"desktop":{"background-color":"var(--ast-global-color-5)","background-image":"","background-repeat":"repeat","background-position":"center center","background-size":"auto","background-attachment":"scroll","background-type":"","background-media":"","overlay-type":"","overlay-color":"","overlay-opacity":"","overlay-gradient":""},"tablet":{"background-color":"","background-image":"","background-repeat":"repeat","background-position":"center center","background-size":"auto","background-attachment":"scroll","background-type":"","background-media":"","overlay-type":"","overlay-color":"","overlay-opacity":"","overlay-gradient":""},"mobile":{"background-color":"","background-image":"","background-repeat":"repeat","background-position":"center center","background-size":"auto","background-attachment":"scroll","background-type":"","background-media":"","overlay-type":"","overlay-color":"","overlay-opacity":"","overlay-gradient":""}},"ast-content-background-meta":{"desktop":{"background-color":"var(--ast-global-color-4)","background-image":"","background-repeat":"repeat","background-position":"center center","background-size":"auto","background-attachment":"scroll","background-type":"","background-media":"","overlay-type":"","overlay-color":"","overlay-opacity":"","overlay-gradient":""},"tablet":{"background-color":"var(--ast-global-color-4)","background-image":"","background-repeat":"repeat","background-position":"center center","background-size":"auto","background-attachment":"scroll","background-type":"","background-media":"","overlay-type":"","overlay-color":"","overlay-opacity":"","overlay-gradient":""},"mobile":{"background-color":"var(--ast-global-color-4)","background-image":"","background-repeat":"repeat","background-position":"center center","background-size":"auto","background-attachment":"scroll","background-type":"","background-media":"","overlay-type":"","overlay-color":"","overlay-opacity":"","overlay-gradient":""}},"footnotes":""},"class_list":["post-17","page","type-page","status-publish","hentry"],"_links":{"self":[{"href":"https:\/\/goforbundet.se\/stockholm\/index.php\/wp-json\/wp\/v2\/pages\/17","targetHints":{"allow":["GET"]}}],"collection":[{"href":"https:\/\/goforbundet.se\/stockholm\/index.php\/wp-json\/wp\/v2\/pages"}],"about":[{"href":"https:\/\/goforbundet.se\/stockholm\/index.php\/wp-json\/wp\/v2\/types\/page"}],"author":[{"embeddable":true,"href":"https:\/\/goforbundet.se\/stockholm\/index.php\/wp-json\/wp\/v2\/users\/1"}],"replies":[{"embeddable":true,"href":"https:\/\/goforbundet.se\/stockholm\/index.php\/wp-json\/wp\/v2\/comments?post=17"}],"version-history":[{"count":1,"href":"https:\/\/goforbundet.se\/stockholm\/index.php\/wp-json\/wp\/v2\/pages\/17\/revisions"}],"predecessor-version":[{"id":18,"href":"https:\/\/goforbundet.se\/stockholm\/index.php\/wp-json\/wp\/v2\/pages\/17\/revisions\/18"}],"wp:attachment":[{"href":"https:\/\/goforbundet.se\/stockholm\/index.php\/wp-json\/wp\/v2\/media?parent=17"}],"curies":[{"name":"wp","href":"https:\/\/api.w.org\/{rel}","templated":true}]}}