{"id":19,"date":"2025-08-31T17:25:45","date_gmt":"2025-08-31T17:25:45","guid":{"rendered":"https:\/\/goforbundet.se\/stockholm\/?page_id=19"},"modified":"2025-08-31T17:25:45","modified_gmt":"2025-08-31T17:25:45","slug":"styrelsen","status":"publish","type":"page","link":"https:\/\/goforbundet.se\/stockholm\/index.php\/styrelsen\/","title":{"rendered":"Styrelsen"},"content":{"rendered":"<p><strong>Ordf\u00f6rande:\u00a0<\/strong>Staffan B\u00e4cklund, (kartonga@gmail.com)<br \/>\n<strong>Kass\u00f6r:\u00a0<\/strong>Jim Wilenius<br \/>\n<strong>Ledam\u00f6ter:<\/strong>\u00a0\u00a0Peter Rom\u00e1n, Sebastian Orheden<\/p>\n<p><strong>Revisor:<\/strong>\u00a0Kai Kylm\u00e4nen<\/p>\n<h1>Protokoll<\/h1>\n<p><a href=\"https:\/\/goforbundet.se\/stockholm\/wp-content\/uploads\/2025\/08\/Arsmote-2025.pdf\">\u00c5rsm\u00f6te 2025<\/a><br \/>\n\u00c5rsm\u00f6te 2024 &#8211; saknas<br \/>\n\u00c5rsm\u00f6te 2023 &#8211; saknas<br \/>\n<a href=\"https:\/\/goforbundet.se\/stockholm\/wp-content\/uploads\/2025\/08\/Arsmote-2022.pdf\">\u00c5rsm\u00f6te 2022<\/a><br \/>\n\u00c5rsm\u00f6te 2021 &#8211; saknas<br \/>\n<a href=\"https:\/\/goforbundet.se\/stockholm\/wp-content\/uploads\/2025\/08\/Arsmote-2020.pdf\">\u00c5rsm\u00f6te 2020<\/a><br \/>\n<a href=\"https:\/\/goforbundet.se\/stockholm\/wp-content\/uploads\/2025\/08\/Arsmotet-2019.pdf\">\u00c5rsm\u00f6tet 2019<\/a><br \/>\n\u00c5rsm\u00f6te 2018 &#8211; saknas<br \/>\n<a href=\"https:\/\/goforbundet.se\/stockholm\/wp-content\/uploads\/2025\/08\/Arsmote-2017.pdf\">\u00c5rsm\u00f6te 2017<\/a><br \/>\n<a href=\"https:\/\/goforbundet.se\/stockholm\/wp-content\/uploads\/2025\/08\/Arsmote-2016.pdf\">\u00c5rsm\u00f6te 2016<\/a><br \/>\n<a href=\"https:\/\/goforbundet.se\/stockholm\/wp-content\/uploads\/2025\/08\/Arsmote-2015.pdf\">\u00c5rsm\u00f6te 2015<\/a><br \/>\n<a href=\"https:\/\/goforbundet.se\/stockholm\/wp-content\/uploads\/2025\/08\/Arsmote-2014.pdf\">\u00c5rsm\u00f6te 2014<\/a><br \/>\n<a href=\"https:\/\/goforbundet.se\/stockholm\/wp-content\/uploads\/2025\/08\/Arsmote-2013.pdf\">\u00c5rsm\u00f6te 2013<\/a><br \/>\n<a href=\"https:\/\/goforbundet.se\/stockholm\/wp-content\/uploads\/2025\/08\/Arsmote-2012.pdf\">\u00c5rsm\u00f6te 2012<\/a><\/p>\n<p>&nbsp;<\/p>\n","protected":false},"excerpt":{"rendered":"<p>Ordf\u00f6rande:\u00a0Staffan B\u00e4cklund, (kartonga@gmail.com) Kass\u00f6r:\u00a0Jim Wilenius Ledam\u00f6ter:\u00a0\u00a0Peter Rom\u00e1n, Sebastian Orheden Revisor:\u00a0Kai Kylm\u00e4nen Protokoll \u00c5rsm\u00f6te 2025 \u00c5rsm\u00f6te 2024 &#8211; saknas \u00c5rsm\u00f6te 2023 [&hellip;]<\/p>\n","protected":false},"author":1,"featured_media":0,"parent":0,"menu_order":0,"comment_status":"closed","ping_status":"closed","template":"","meta":{"site-sidebar-layout":"default","site-content-layout":"","ast-site-content-layout":"default","site-content-style":"default","site-sidebar-style":"default","ast-global-header-display":"","ast-banner-title-visibility":"","ast-main-header-display":"","ast-hfb-above-header-display":"","ast-hfb-below-header-display":"","ast-hfb-mobile-header-display":"","site-post-title":"","ast-breadcrumbs-content":"","ast-featured-img":"","footer-sml-layout":"","theme-transparent-header-meta":"","adv-header-id-meta":"","stick-header-meta":"","header-above-stick-meta":"","header-main-stick-meta":"","header-below-stick-meta":"","astra-migrate-meta-layouts":"default","ast-page-background-enabled":"default","ast-page-background-meta":{"desktop":{"background-color":"var(--ast-global-color-5)","background-image":"","background-repeat":"repeat","background-position":"center center","background-size":"auto","background-attachment":"scroll","background-type":"","background-media":"","overlay-type":"","overlay-color":"","overlay-opacity":"","overlay-gradient":""},"tablet":{"background-color":"","background-image":"","background-repeat":"repeat","background-position":"center center","background-size":"auto","background-attachment":"scroll","background-type":"","background-media":"","overlay-type":"","overlay-color":"","overlay-opacity":"","overlay-gradient":""},"mobile":{"background-color":"","background-image":"","background-repeat":"repeat","background-position":"center center","background-size":"auto","background-attachment":"scroll","background-type":"","background-media":"","overlay-type":"","overlay-color":"","overlay-opacity":"","overlay-gradient":""}},"ast-content-background-meta":{"desktop":{"background-color":"var(--ast-global-color-4)","background-image":"","background-repeat":"repeat","background-position":"center center","background-size":"auto","background-attachment":"scroll","background-type":"","background-media":"","overlay-type":"","overlay-color":"","overlay-opacity":"","overlay-gradient":""},"tablet":{"background-color":"var(--ast-global-color-4)","background-image":"","background-repeat":"repeat","background-position":"center center","background-size":"auto","background-attachment":"scroll","background-type":"","background-media":"","overlay-type":"","overlay-color":"","overlay-opacity":"","overlay-gradient":""},"mobile":{"background-color":"var(--ast-global-color-4)","background-image":"","background-repeat":"repeat","background-position":"center center","background-size":"auto","background-attachment":"scroll","background-type":"","background-media":"","overlay-type":"","overlay-color":"","overlay-opacity":"","overlay-gradient":""}},"footnotes":""},"class_list":["post-19","page","type-page","status-publish","hentry"],"_links":{"self":[{"href":"https:\/\/goforbundet.se\/stockholm\/index.php\/wp-json\/wp\/v2\/pages\/19","targetHints":{"allow":["GET"]}}],"collection":[{"href":"https:\/\/goforbundet.se\/stockholm\/index.php\/wp-json\/wp\/v2\/pages"}],"about":[{"href":"https:\/\/goforbundet.se\/stockholm\/index.php\/wp-json\/wp\/v2\/types\/page"}],"author":[{"embeddable":true,"href":"https:\/\/goforbundet.se\/stockholm\/index.php\/wp-json\/wp\/v2\/users\/1"}],"replies":[{"embeddable":true,"href":"https:\/\/goforbundet.se\/stockholm\/index.php\/wp-json\/wp\/v2\/comments?post=19"}],"version-history":[{"count":1,"href":"https:\/\/goforbundet.se\/stockholm\/index.php\/wp-json\/wp\/v2\/pages\/19\/revisions"}],"predecessor-version":[{"id":35,"href":"https:\/\/goforbundet.se\/stockholm\/index.php\/wp-json\/wp\/v2\/pages\/19\/revisions\/35"}],"wp:attachment":[{"href":"https:\/\/goforbundet.se\/stockholm\/index.php\/wp-json\/wp\/v2\/media?parent=19"}],"curies":[{"name":"wp","href":"https:\/\/api.w.org\/{rel}","templated":true}]}}