{"id":7,"date":"2025-08-31T17:05:19","date_gmt":"2025-08-31T17:05:19","guid":{"rendered":"https:\/\/goforbundet.se\/stockholm\/?page_id=7"},"modified":"2025-09-04T04:02:16","modified_gmt":"2025-09-04T04:02:16","slug":"valkommen-till-stockholms-go-klubb","status":"publish","type":"page","link":"https:\/\/goforbundet.se\/stockholm\/","title":{"rendered":"V\u00e4lkommen till Stockholms Go Klubb"},"content":{"rendered":"<p id=\"page-title\"><img loading=\"lazy\" decoding=\"async\" class=\"size-full wp-image-80 alignright\" src=\"https:\/\/goforbundet.se\/stockholm\/wp-content\/uploads\/2025\/09\/sthlmgoclub.png\" alt=\"\" width=\"120\" height=\"128\" \/>Vi v\u00e4lkomnar alla niv\u00e5er (och \u00e5ldrar) av spelare! Om du \u00e4r nyb\u00f6rjare eller nyfiken p\u00e5 spelet\u00a0<a href=\"https:\/\/sv.wikipedia.org\/wiki\/Go_(br%C3%A4dspel)\">Go (Weiqi, Baduk)<\/a>\u00a0och vill veta mer, kom g\u00e4rna f\u00f6rbi s\u00e5 hj\u00e4lper vi dig att komma ig\u00e5ng.\u00a0Klubben har br\u00e4den och stenar som medlemmarna kan anv\u00e4nda. Innan du blir medlem har du m\u00f6jlighet att prova p\u00e5 3 g\u00e5nger. Information om medlemskap hittar du\u00a0<a href=\"https:\/\/goforbundet.se\/stockholm\/index.php\/medlemmar\/\" data-entity-substitution=\"canonical\" data-entity-type=\"node\" data-entity-uuid=\"63d4d9e8-0460-41f7-b3a0-0a9d8a4eb798\">h\u00e4r<\/a>. Information om turneringar och spontana speltillf\u00e4llen brukar annonseras p\u00e5\u00a0<a href=\"https:\/\/www.facebook.com\/groups\/stockholmgoclub\" target=\"_blank\" rel=\"noopener\">klubbens Facebooksida<\/a>. Det finns ocks\u00e5 en\u00a0<a href=\"https:\/\/discord.gg\/JBQcsue\">Discord chatserver<\/a>\u00a0d\u00e4r alla svenska goklubbar finns med.<\/p>\n<p><strong>N\u00e4r?\u00a0<\/strong>Vi tr\u00e4ffas\u00a0<strong>Torsdagar\u00a0<\/strong>fr\u00e5n 18:00 till senast 22:00.<\/p>\n<p><strong>Var?<\/strong>\u00a0Vi tr\u00e4ffas p\u00e5 Norra Agnegatan 45 p\u00e5 Kungsholmen. Det finns en ringklocka till h\u00f6ger om d\u00f6rren som det st\u00e5r Forodrim p\u00e5.<\/p>\n<p><strong>Fr\u00e5gor?<\/strong>\u00a0<a href=\"https:\/\/goforbundet.se\/stockholm\/index.php\/kontakt\/\" data-entity-substitution=\"canonical\" data-entity-type=\"node\" data-entity-uuid=\"5102705e-4bed-4909-9a42-c275296d45f7\">Kontakta oss h\u00e4r<\/a>.<\/p>\n","protected":false},"excerpt":{"rendered":"<p>Vi v\u00e4lkomnar alla niv\u00e5er (och \u00e5ldrar) av spelare! Om du \u00e4r nyb\u00f6rjare eller nyfiken p\u00e5 spelet\u00a0Go (Weiqi, Baduk)\u00a0och vill veta [&hellip;]<\/p>\n","protected":false},"author":1,"featured_media":0,"parent":0,"menu_order":0,"comment_status":"closed","ping_status":"closed","template":"","meta":{"site-sidebar-layout":"default","site-content-layout":"","ast-site-content-layout":"default","site-content-style":"default","site-sidebar-style":"default","ast-global-header-display":"","ast-banner-title-visibility":"","ast-main-header-display":"","ast-hfb-above-header-display":"","ast-hfb-below-header-display":"","ast-hfb-mobile-header-display":"","site-post-title":"","ast-breadcrumbs-content":"","ast-featured-img":"","footer-sml-layout":"","ast-disable-related-posts":"","theme-transparent-header-meta":"default","adv-header-id-meta":"","stick-header-meta":"","header-above-stick-meta":"","header-main-stick-meta":"","header-below-stick-meta":"","astra-migrate-meta-layouts":"set","ast-page-background-enabled":"default","ast-page-background-meta":{"desktop":{"background-color":"var(--ast-global-color-5)","background-image":"","background-repeat":"repeat","background-position":"center center","background-size":"auto","background-attachment":"scroll","background-type":"","background-media":"","overlay-type":"","overlay-color":"","overlay-opacity":"","overlay-gradient":""},"tablet":{"background-color":"","background-image":"","background-repeat":"repeat","background-position":"center center","background-size":"auto","background-attachment":"scroll","background-type":"","background-media":"","overlay-type":"","overlay-color":"","overlay-opacity":"","overlay-gradient":""},"mobile":{"background-color":"","background-image":"","background-repeat":"repeat","background-position":"center center","background-size":"auto","background-attachment":"scroll","background-type":"","background-media":"","overlay-type":"","overlay-color":"","overlay-opacity":"","overlay-gradient":""}},"ast-content-background-meta":{"desktop":{"background-color":"var(--ast-global-color-4)","background-image":"","background-repeat":"repeat","background-position":"center center","background-size":"auto","background-attachment":"scroll","background-type":"","background-media":"","overlay-type":"","overlay-color":"","overlay-opacity":"","overlay-gradient":""},"tablet":{"background-color":"var(--ast-global-color-4)","background-image":"","background-repeat":"repeat","background-position":"center center","background-size":"auto","background-attachment":"scroll","background-type":"","background-media":"","overlay-type":"","overlay-color":"","overlay-opacity":"","overlay-gradient":""},"mobile":{"background-color":"var(--ast-global-color-4)","background-image":"","background-repeat":"repeat","background-position":"center center","background-size":"auto","background-attachment":"scroll","background-type":"","background-media":"","overlay-type":"","overlay-color":"","overlay-opacity":"","overlay-gradient":""}},"footnotes":""},"class_list":["post-7","page","type-page","status-publish","hentry"],"_links":{"self":[{"href":"https:\/\/goforbundet.se\/stockholm\/index.php\/wp-json\/wp\/v2\/pages\/7","targetHints":{"allow":["GET"]}}],"collection":[{"href":"https:\/\/goforbundet.se\/stockholm\/index.php\/wp-json\/wp\/v2\/pages"}],"about":[{"href":"https:\/\/goforbundet.se\/stockholm\/index.php\/wp-json\/wp\/v2\/types\/page"}],"author":[{"embeddable":true,"href":"https:\/\/goforbundet.se\/stockholm\/index.php\/wp-json\/wp\/v2\/users\/1"}],"replies":[{"embeddable":true,"href":"https:\/\/goforbundet.se\/stockholm\/index.php\/wp-json\/wp\/v2\/comments?post=7"}],"version-history":[{"count":5,"href":"https:\/\/goforbundet.se\/stockholm\/index.php\/wp-json\/wp\/v2\/pages\/7\/revisions"}],"predecessor-version":[{"id":85,"href":"https:\/\/goforbundet.se\/stockholm\/index.php\/wp-json\/wp\/v2\/pages\/7\/revisions\/85"}],"wp:attachment":[{"href":"https:\/\/goforbundet.se\/stockholm\/index.php\/wp-json\/wp\/v2\/media?parent=7"}],"curies":[{"name":"wp","href":"https:\/\/api.w.org\/{rel}","templated":true}]}}